{"id":4717,"date":"2020-03-04T21:31:32","date_gmt":"2020-03-04T21:31:32","guid":{"rendered":"http:\/\/casabravo.cl\/?post_type=product&#038;p=4717"},"modified":"2025-12-02T15:34:09","modified_gmt":"2025-12-02T15:34:09","slug":"lector-codigo-de-barra-laser-2","status":"publish","type":"product","link":"https:\/\/casabravo.cl\/?product=lector-codigo-de-barra-laser-2","title":{"rendered":"LECTOR C\u00d3DIGO DE BARRA L\u00c1SER"},"content":{"rendered":"<p>LECTOR<\/p>\n<p><strong>CARACTER\u00cdSTICAS:<\/strong><\/p>\n<p>APLICACI\u00d3N: LECTOR C\u00d3DIGO DE BARRA<\/p>\n<p>TIPO: L\u00c1SER CON PEDESTAL<\/p>\n<p>INTERFAZ: USB<\/p>\n<p>FUENTE DE LUZ: L\u00c1SER 650nn<\/p>\n<p>DISTANCIA DE DETECCI\u00d3N: 15 cm (100cm2)<\/p>\n<p>MODO DISPARO: MANUAL &#8211; CONTINUO &#8211; AUTOM\u00c1TICO<\/p>\n<p>ANCHO ESCANEO: 5cm. &#8211; 30cm.<\/p>\n<p>C\u00d3DIGO: 000478<\/p>\n<p>&nbsp;<\/p>\n","protected":false},"excerpt":{"rendered":"<p>LECTOR CARACTER\u00cdSTICAS: APLICACI\u00d3N: LECTOR C\u00d3DIGO DE BARRA TIPO: L\u00c1SER CON PEDESTAL INTERFAZ: USB FUENTE DE LUZ: L\u00c1SER 650nn DISTANCIA DE DETECCI\u00d3N: 15 cm (100cm2) MODO DISPARO: MANUAL &#8211; CONTINUO &#8211; AUTOM\u00c1TICO ANCHO ESCANEO: 5cm. &#8211; 30cm. C\u00d3DIGO: 000478 &nbsp;<\/p>\n","protected":false},"featured_media":4718,"comment_status":"open","ping_status":"closed","template":"","meta":[],"_links":{"self":[{"href":"https:\/\/casabravo.cl\/index.php?rest_route=\/wp\/v2\/product\/4717"}],"collection":[{"href":"https:\/\/casabravo.cl\/index.php?rest_route=\/wp\/v2\/product"}],"about":[{"href":"https:\/\/casabravo.cl\/index.php?rest_route=\/wp\/v2\/types\/product"}],"replies":[{"embeddable":true,"href":"https:\/\/casabravo.cl\/index.php?rest_route=%2Fwp%2Fv2%2Fcomments&post=4717"}],"wp:featuredmedia":[{"embeddable":true,"href":"https:\/\/casabravo.cl\/index.php?rest_route=\/wp\/v2\/media\/4718"}],"wp:attachment":[{"href":"https:\/\/casabravo.cl\/index.php?rest_route=%2Fwp%2Fv2%2Fmedia&parent=4717"}],"curies":[{"name":"wp","href":"https:\/\/api.w.org\/{rel}","templated":true}]}}