{"id":4712,"date":"2020-03-04T21:01:36","date_gmt":"2020-03-04T21:01:36","guid":{"rendered":"http:\/\/casabravo.cl\/?post_type=product&#038;p=4712"},"modified":"2021-02-27T15:21:57","modified_gmt":"2021-02-27T15:21:57","slug":"lector-codigo-de-barra-laser","status":"publish","type":"product","link":"https:\/\/casabravo.cl\/?product=lector-codigo-de-barra-laser","title":{"rendered":"LECTOR C\u00d3DIGO DE BARRA L\u00c1SER"},"content":{"rendered":"<p>LECTOR<\/p>\n<p><strong>CARACTER\u00cdSTICAS:<\/strong><\/p>\n<p>APLICACI\u00d3N: LECTOR C\u00d3DIGO DE BARRA<\/p>\n<p>TIPO: L\u00c1SER<\/p>\n<p>LECTURA: OMINIDIRECCIONAL<\/p>\n<p>INTERFAZ:\u00a0 USB<\/p>\n<p>RESISTENTE: GOLPE Y POLVO<\/p>\n<p>MARCA: DINON<\/p>\n<p>C\u00d3DIGO. 000408<\/p>\n","protected":false},"excerpt":{"rendered":"<p>LECTOR CARACTER\u00cdSTICAS: APLICACI\u00d3N: LECTOR C\u00d3DIGO DE BARRA TIPO: L\u00c1SER LECTURA: OMINIDIRECCIONAL INTERFAZ:\u00a0 USB RESISTENTE: GOLPE Y POLVO MARCA: DINON C\u00d3DIGO. 000408<\/p>\n","protected":false},"featured_media":4715,"comment_status":"open","ping_status":"closed","template":"","meta":[],"_links":{"self":[{"href":"https:\/\/casabravo.cl\/index.php?rest_route=\/wp\/v2\/product\/4712"}],"collection":[{"href":"https:\/\/casabravo.cl\/index.php?rest_route=\/wp\/v2\/product"}],"about":[{"href":"https:\/\/casabravo.cl\/index.php?rest_route=\/wp\/v2\/types\/product"}],"replies":[{"embeddable":true,"href":"https:\/\/casabravo.cl\/index.php?rest_route=%2Fwp%2Fv2%2Fcomments&post=4712"}],"wp:featuredmedia":[{"embeddable":true,"href":"https:\/\/casabravo.cl\/index.php?rest_route=\/wp\/v2\/media\/4715"}],"wp:attachment":[{"href":"https:\/\/casabravo.cl\/index.php?rest_route=%2Fwp%2Fv2%2Fmedia&parent=4712"}],"curies":[{"name":"wp","href":"https:\/\/api.w.org\/{rel}","templated":true}]}}