{"id":4525,"date":"2019-11-29T20:56:28","date_gmt":"2019-11-29T20:56:28","guid":{"rendered":"http:\/\/casabravo.cl\/?post_type=product&#038;p=4525"},"modified":"2019-11-29T20:59:09","modified_gmt":"2019-11-29T20:59:09","slug":"soporte-luminaria-solar","status":"publish","type":"product","link":"https:\/\/casabravo.cl\/?product=soporte-luminaria-solar","title":{"rendered":"SOPORTE LUMINARIA SOLAR"},"content":{"rendered":"<p>SOPORTE<\/p>\n<p><strong>CARACTER\u00cdSTICAS:<\/strong><\/p>\n<p>APLICACI\u00d3N: PARA LUMINARIA SOLAR<\/p>\n<p>TIPO: ALUMINIO<\/p>\n<p>DIMENSIONES: 5 X 45 CMS.<\/p>\n<p>COLOR: BLANCO<\/p>\n<p>INCLUYE: TORNILLOS DE FIJACI\u00d3N<\/p>\n<p>C\u00d3DIGO: 000745<\/p>\n<p>&nbsp;<\/p>\n","protected":false},"excerpt":{"rendered":"<p>SOPORTE CARACTER\u00cdSTICAS: APLICACI\u00d3N: PARA LUMINARIA SOLAR TIPO: ALUMINIO DIMENSIONES: 5 X 45 CMS. COLOR: BLANCO INCLUYE: TORNILLOS DE FIJACI\u00d3N C\u00d3DIGO: 000745 &nbsp;<\/p>\n","protected":false},"featured_media":4528,"comment_status":"open","ping_status":"closed","template":"","meta":[],"_links":{"self":[{"href":"https:\/\/casabravo.cl\/index.php?rest_route=\/wp\/v2\/product\/4525"}],"collection":[{"href":"https:\/\/casabravo.cl\/index.php?rest_route=\/wp\/v2\/product"}],"about":[{"href":"https:\/\/casabravo.cl\/index.php?rest_route=\/wp\/v2\/types\/product"}],"replies":[{"embeddable":true,"href":"https:\/\/casabravo.cl\/index.php?rest_route=%2Fwp%2Fv2%2Fcomments&post=4525"}],"wp:featuredmedia":[{"embeddable":true,"href":"https:\/\/casabravo.cl\/index.php?rest_route=\/wp\/v2\/media\/4528"}],"wp:attachment":[{"href":"https:\/\/casabravo.cl\/index.php?rest_route=%2Fwp%2Fv2%2Fmedia&parent=4525"}],"curies":[{"name":"wp","href":"https:\/\/api.w.org\/{rel}","templated":true}]}}