{"id":4519,"date":"2019-11-29T20:35:09","date_gmt":"2019-11-29T20:35:09","guid":{"rendered":"http:\/\/casabravo.cl\/?post_type=product&#038;p=4519"},"modified":"2022-10-06T15:54:12","modified_gmt":"2022-10-06T15:54:12","slug":"luminaria-led-solar-para-calle-40-watts","status":"publish","type":"product","link":"https:\/\/casabravo.cl\/?product=luminaria-led-solar-para-calle-40-watts","title":{"rendered":"LUMINARIA LED SOLAR PARA CALLE 40 WATTS"},"content":{"rendered":"<p>LUCES LED SOLAR<\/p>\n<p><strong>CARACTER\u00cdSTICAS:<\/strong><\/p>\n<p>APLICACI\u00d3N: LUMINARIA CALLE CON CONTROL REMOTO<\/p>\n<p>TIPO: PANEL SOLAR 6V\/ 8W SIN BASE<\/p>\n<p>BATER\u00cdA LITIO: 302V \/ 15AH (3 UNIDADES)<\/p>\n<p>COLOR: LUZ FR\u00cdA (6500K)<\/p>\n<p>L\u00daMENES: 890 LM<\/p>\n<p>TIEMPO DE CARGA: 6 &#8211; 8 HORAS<\/p>\n<p>TIEMPO DE TRABAJO: 12 HORAS<\/p>\n<p>POTENCIA: 40 WATTS (IP65)<\/p>\n<p>\u00c1REA ILUMINADA: 50.0 M2<\/p>\n<p>DIMENSIONES: 24 X 6.5 X 49 CMS.<\/p>\n<p>ALTURA SUGERIDA: 3 A 4 METROS<\/p>\n<p>INCLUYE: CONTROL REMOTO<\/p>\n<p>C\u00d3DIGO: 000235<\/p>\n<p>&nbsp;<\/p>\n<p>&nbsp;<\/p>\n","protected":false},"excerpt":{"rendered":"<p>LUCES LED SOLAR CARACTER\u00cdSTICAS: APLICACI\u00d3N: LUMINARIA CALLE CON CONTROL REMOTO TIPO: PANEL SOLAR 6V\/ 8W SIN BASE BATER\u00cdA LITIO: 302V \/ 15AH (3 UNIDADES) COLOR: LUZ FR\u00cdA (6500K) L\u00daMENES: 890 LM TIEMPO DE CARGA: 6 &#8211; 8 HORAS TIEMPO DE TRABAJO: 12 HORAS POTENCIA: 40 WATTS (IP65) \u00c1REA ILUMINADA: 50.0 M2 DIMENSIONES: 24 X 6.5 &hellip;<\/p>\n<p class=\"read-more\"> <a class=\"\" href=\"https:\/\/casabravo.cl\/?product=luminaria-led-solar-para-calle-40-watts\"> <span class=\"screen-reader-text\">LUMINARIA LED SOLAR PARA CALLE 40 WATTS<\/span> Leer m\u00e1s &raquo;<\/a><\/p>\n","protected":false},"featured_media":4523,"comment_status":"open","ping_status":"closed","template":"","meta":[],"_links":{"self":[{"href":"https:\/\/casabravo.cl\/index.php?rest_route=\/wp\/v2\/product\/4519"}],"collection":[{"href":"https:\/\/casabravo.cl\/index.php?rest_route=\/wp\/v2\/product"}],"about":[{"href":"https:\/\/casabravo.cl\/index.php?rest_route=\/wp\/v2\/types\/product"}],"replies":[{"embeddable":true,"href":"https:\/\/casabravo.cl\/index.php?rest_route=%2Fwp%2Fv2%2Fcomments&post=4519"}],"wp:featuredmedia":[{"embeddable":true,"href":"https:\/\/casabravo.cl\/index.php?rest_route=\/wp\/v2\/media\/4523"}],"wp:attachment":[{"href":"https:\/\/casabravo.cl\/index.php?rest_route=%2Fwp%2Fv2%2Fmedia&parent=4519"}],"curies":[{"name":"wp","href":"https:\/\/api.w.org\/{rel}","templated":true}]}}