{"id":4497,"date":"2019-11-21T20:45:29","date_gmt":"2019-11-21T20:45:29","guid":{"rendered":"http:\/\/casabravo.cl\/?post_type=product&#038;p=4497"},"modified":"2019-11-21T20:45:29","modified_gmt":"2019-11-21T20:45:29","slug":"toner-alternativo-para-samsung-ml104","status":"publish","type":"product","link":"https:\/\/casabravo.cl\/?product=toner-alternativo-para-samsung-ml104","title":{"rendered":"TONER ALTERNATIVO PARA SAMSUNG ML104"},"content":{"rendered":"<p>TONER ALTERNATIVO<\/p>\n<p><strong>CARACTER\u00cdSTICAS:<\/strong><\/p>\n<p>APLICACI\u00d3N: PARA IMPRESORA L\u00c1SER SAMSUNG<\/p>\n<p>TIPO: ALTERNATIVO<\/p>\n<p>MODELO IMPRESORA:\u00a0ML1660\/1661\/1665\/1666\/1865w\/1861\/1864\/1867\/<\/p>\n<p>SCX3200\/SCX3201\/3206\/scx3200\/3205\/3207\/3210<\/p>\n<p>IMPRESIONES: 1.500 P\u00c1GINAS<\/p>\n<p>C\u00d3DIGO F\u00c1BRICA: ML104<\/p>\n<p>C\u00d3DIGO: 000653<\/p>\n","protected":false},"excerpt":{"rendered":"<p>TONER ALTERNATIVO CARACTER\u00cdSTICAS: APLICACI\u00d3N: PARA IMPRESORA L\u00c1SER SAMSUNG TIPO: ALTERNATIVO MODELO IMPRESORA:\u00a0ML1660\/1661\/1665\/1666\/1865w\/1861\/1864\/1867\/ SCX3200\/SCX3201\/3206\/scx3200\/3205\/3207\/3210 IMPRESIONES: 1.500 P\u00c1GINAS C\u00d3DIGO F\u00c1BRICA: ML104 C\u00d3DIGO: 000653<\/p>\n","protected":false},"featured_media":2191,"comment_status":"open","ping_status":"closed","template":"","meta":[],"_links":{"self":[{"href":"https:\/\/casabravo.cl\/index.php?rest_route=\/wp\/v2\/product\/4497"}],"collection":[{"href":"https:\/\/casabravo.cl\/index.php?rest_route=\/wp\/v2\/product"}],"about":[{"href":"https:\/\/casabravo.cl\/index.php?rest_route=\/wp\/v2\/types\/product"}],"replies":[{"embeddable":true,"href":"https:\/\/casabravo.cl\/index.php?rest_route=%2Fwp%2Fv2%2Fcomments&post=4497"}],"wp:featuredmedia":[{"embeddable":true,"href":"https:\/\/casabravo.cl\/index.php?rest_route=\/wp\/v2\/media\/2191"}],"wp:attachment":[{"href":"https:\/\/casabravo.cl\/index.php?rest_route=%2Fwp%2Fv2%2Fmedia&parent=4497"}],"curies":[{"name":"wp","href":"https:\/\/api.w.org\/{rel}","templated":true}]}}