{"id":4496,"date":"2019-11-21T20:35:32","date_gmt":"2019-11-21T20:35:32","guid":{"rendered":"http:\/\/casabravo.cl\/?post_type=product&#038;p=4496"},"modified":"2019-11-21T20:35:32","modified_gmt":"2019-11-21T20:35:32","slug":"toner-alternativo-para-samsung-d111s","status":"publish","type":"product","link":"https:\/\/casabravo.cl\/?product=toner-alternativo-para-samsung-d111s","title":{"rendered":"TONER ALTERNATIVO PARA SAMSUNG D111S"},"content":{"rendered":"<p>TONER ALTERNATIVO<\/p>\n<p><strong>CARACTER\u00cdSTICAS:<\/strong><\/p>\n<p>APLICACI\u00d3N: PARA IMPRESORA L\u00c1SER SAMSUNG<\/p>\n<p>TIPO: ALTERNATIVO<\/p>\n<p>MODELO IMPRESORA: Xpress M2022\/M2022W\/M2020\/M2021\/M2070\/M2071FH\/2070FW<\/p>\n<p>IMPRESI\u00d3N: 1.000 P\u00c1GINAS<\/p>\n<p>C\u00d3DIGO F\u00c1BRICA: D111S<\/p>\n<p>C\u00d3DIGO: 000651<\/p>\n<p>&nbsp;<\/p>\n","protected":false},"excerpt":{"rendered":"<p>TONER ALTERNATIVO CARACTER\u00cdSTICAS: APLICACI\u00d3N: PARA IMPRESORA L\u00c1SER SAMSUNG TIPO: ALTERNATIVO MODELO IMPRESORA: Xpress M2022\/M2022W\/M2020\/M2021\/M2070\/M2071FH\/2070FW IMPRESI\u00d3N: 1.000 P\u00c1GINAS C\u00d3DIGO F\u00c1BRICA: D111S C\u00d3DIGO: 000651 &nbsp;<\/p>\n","protected":false},"featured_media":2191,"comment_status":"open","ping_status":"closed","template":"","meta":[],"_links":{"self":[{"href":"https:\/\/casabravo.cl\/index.php?rest_route=\/wp\/v2\/product\/4496"}],"collection":[{"href":"https:\/\/casabravo.cl\/index.php?rest_route=\/wp\/v2\/product"}],"about":[{"href":"https:\/\/casabravo.cl\/index.php?rest_route=\/wp\/v2\/types\/product"}],"replies":[{"embeddable":true,"href":"https:\/\/casabravo.cl\/index.php?rest_route=%2Fwp%2Fv2%2Fcomments&post=4496"}],"wp:featuredmedia":[{"embeddable":true,"href":"https:\/\/casabravo.cl\/index.php?rest_route=\/wp\/v2\/media\/2191"}],"wp:attachment":[{"href":"https:\/\/casabravo.cl\/index.php?rest_route=%2Fwp%2Fv2%2Fmedia&parent=4496"}],"curies":[{"name":"wp","href":"https:\/\/api.w.org\/{rel}","templated":true}]}}