{"id":4494,"date":"2019-11-21T20:26:10","date_gmt":"2019-11-21T20:26:10","guid":{"rendered":"http:\/\/casabravo.cl\/?post_type=product&#038;p=4494"},"modified":"2019-11-21T20:26:10","modified_gmt":"2019-11-21T20:26:10","slug":"toner-alternativo-para-brother-tn360-tn330","status":"publish","type":"product","link":"https:\/\/casabravo.cl\/?product=toner-alternativo-para-brother-tn360-tn330","title":{"rendered":"TONER ALTERNATIVO PARA BROTHER TN360 (TN330)"},"content":{"rendered":"<p>TONER ALTERNATIVO<\/p>\n<p><strong>CARACTER\u00cdSTICAS:<\/strong><\/p>\n<p>APLICACI\u00d3N:\u00a0 PARA IMPRESORA L\u00c1SER BROTHER<\/p>\n<p>TIPO: ALTERNATIVO<\/p>\n<p>MODELO IMPRESORA:\u00a0DCP-7030\/DCP-7040\/HL-2140\/HL-2150\/HL-2170W\/<\/p>\n<p>MFC-7320\/MFC-7440N\/MFC-7480W<\/p>\n<p>IMPRESI\u00d3N: 2.600 P\u00c1GINAS<\/p>\n<p>C\u00d3DIGO F\u00c1BRICA: LB TN360<\/p>\n<p>C\u00d3DIGO: 000664<\/p>\n","protected":false},"excerpt":{"rendered":"<p>TONER ALTERNATIVO CARACTER\u00cdSTICAS: APLICACI\u00d3N:\u00a0 PARA IMPRESORA L\u00c1SER BROTHER TIPO: ALTERNATIVO MODELO IMPRESORA:\u00a0DCP-7030\/DCP-7040\/HL-2140\/HL-2150\/HL-2170W\/ MFC-7320\/MFC-7440N\/MFC-7480W IMPRESI\u00d3N: 2.600 P\u00c1GINAS C\u00d3DIGO F\u00c1BRICA: LB TN360 C\u00d3DIGO: 000664<\/p>\n","protected":false},"featured_media":2192,"comment_status":"open","ping_status":"closed","template":"","meta":[],"_links":{"self":[{"href":"https:\/\/casabravo.cl\/index.php?rest_route=\/wp\/v2\/product\/4494"}],"collection":[{"href":"https:\/\/casabravo.cl\/index.php?rest_route=\/wp\/v2\/product"}],"about":[{"href":"https:\/\/casabravo.cl\/index.php?rest_route=\/wp\/v2\/types\/product"}],"replies":[{"embeddable":true,"href":"https:\/\/casabravo.cl\/index.php?rest_route=%2Fwp%2Fv2%2Fcomments&post=4494"}],"wp:featuredmedia":[{"embeddable":true,"href":"https:\/\/casabravo.cl\/index.php?rest_route=\/wp\/v2\/media\/2192"}],"wp:attachment":[{"href":"https:\/\/casabravo.cl\/index.php?rest_route=%2Fwp%2Fv2%2Fmedia&parent=4494"}],"curies":[{"name":"wp","href":"https:\/\/api.w.org\/{rel}","templated":true}]}}