{"id":4492,"date":"2019-11-21T20:17:08","date_gmt":"2019-11-21T20:17:08","guid":{"rendered":"http:\/\/casabravo.cl\/?post_type=product&#038;p=4492"},"modified":"2019-11-21T20:17:08","modified_gmt":"2019-11-21T20:17:08","slug":"toner-alternativo-brother-ltn-2370","status":"publish","type":"product","link":"https:\/\/casabravo.cl\/?product=toner-alternativo-brother-ltn-2370","title":{"rendered":"TONER ALTERNATIVO BROTHER LTN-2370"},"content":{"rendered":"<p>TONER ALTERNATIVO<\/p>\n<p><strong>CARACTER\u00cdSTICAS:<\/strong><\/p>\n<p>APLICACI\u00d3N: PARA IMPRESORA L\u00c1SER BROTHER<\/p>\n<p>TIPO: ALTERNATIVO<\/p>\n<p>MODELO IMPRESORA: DCP-L25200W\/L25400W\/L25000\/L25400DN\/HL-L2320D\/<\/p>\n<p>L2340DW\/L2360DW\/L2380DW\/L2360DN\/L2365FW; MFC-L2700DW<\/p>\n<p>IMPRESIONES: 2.600 P\u00c1GINAS<\/p>\n<p>C\u00d3DIGO F\u00c1BRICA: LTN-2370<\/p>\n<p>C\u00d3DIGO: 001107<\/p>\n","protected":false},"excerpt":{"rendered":"<p>TONER ALTERNATIVO CARACTER\u00cdSTICAS: APLICACI\u00d3N: PARA IMPRESORA L\u00c1SER BROTHER TIPO: ALTERNATIVO MODELO IMPRESORA: DCP-L25200W\/L25400W\/L25000\/L25400DN\/HL-L2320D\/ L2340DW\/L2360DW\/L2380DW\/L2360DN\/L2365FW; MFC-L2700DW IMPRESIONES: 2.600 P\u00c1GINAS C\u00d3DIGO F\u00c1BRICA: LTN-2370 C\u00d3DIGO: 001107<\/p>\n","protected":false},"featured_media":2192,"comment_status":"open","ping_status":"closed","template":"","meta":[],"_links":{"self":[{"href":"https:\/\/casabravo.cl\/index.php?rest_route=\/wp\/v2\/product\/4492"}],"collection":[{"href":"https:\/\/casabravo.cl\/index.php?rest_route=\/wp\/v2\/product"}],"about":[{"href":"https:\/\/casabravo.cl\/index.php?rest_route=\/wp\/v2\/types\/product"}],"replies":[{"embeddable":true,"href":"https:\/\/casabravo.cl\/index.php?rest_route=%2Fwp%2Fv2%2Fcomments&post=4492"}],"wp:featuredmedia":[{"embeddable":true,"href":"https:\/\/casabravo.cl\/index.php?rest_route=\/wp\/v2\/media\/2192"}],"wp:attachment":[{"href":"https:\/\/casabravo.cl\/index.php?rest_route=%2Fwp%2Fv2%2Fmedia&parent=4492"}],"curies":[{"name":"wp","href":"https:\/\/api.w.org\/{rel}","templated":true}]}}