{"id":4476,"date":"2019-11-20T20:58:31","date_gmt":"2019-11-20T20:58:31","guid":{"rendered":"http:\/\/casabravo.cl\/?post_type=product&#038;p=4476"},"modified":"2019-11-20T20:58:31","modified_gmt":"2019-11-20T20:58:31","slug":"ampolleta-led-t-360o-18-watts","status":"publish","type":"product","link":"https:\/\/casabravo.cl\/?product=ampolleta-led-t-360o-18-watts","title":{"rendered":"AMPOLLETA LED T 360\u00ba 18 WATTS"},"content":{"rendered":"<p>AMPOLLETA<\/p>\n<p><strong>CARACTER\u00cdSTICAS:<\/strong><\/p>\n<p>APLICACI\u00d3N: AMPOLLETA T-BULB 18 WATTS<\/p>\n<p>TIPO: ALTO BRILLO &#8211; AHORRO ENERG\u00cdA &#8211; SE MUEVE DE SU BASE 360\u00ba<\/p>\n<p>HORAS \u00daTILES: 30.000 HORAS<\/p>\n<p>LUMINOSIDAD: 1400 L\u00daMENES<\/p>\n<p>COLOR: LUZ FR\u00cdA (6000K) E27<\/p>\n<p>C\u00d3DIGO: 000752<\/p>\n<p>&nbsp;<\/p>\n<p>&nbsp;<\/p>\n","protected":false},"excerpt":{"rendered":"<p>AMPOLLETA CARACTER\u00cdSTICAS: APLICACI\u00d3N: AMPOLLETA T-BULB 18 WATTS TIPO: ALTO BRILLO &#8211; AHORRO ENERG\u00cdA &#8211; SE MUEVE DE SU BASE 360\u00ba HORAS \u00daTILES: 30.000 HORAS LUMINOSIDAD: 1400 L\u00daMENES COLOR: LUZ FR\u00cdA (6000K) E27 C\u00d3DIGO: 000752 &nbsp; &nbsp;<\/p>\n","protected":false},"featured_media":4477,"comment_status":"open","ping_status":"closed","template":"","meta":[],"_links":{"self":[{"href":"https:\/\/casabravo.cl\/index.php?rest_route=\/wp\/v2\/product\/4476"}],"collection":[{"href":"https:\/\/casabravo.cl\/index.php?rest_route=\/wp\/v2\/product"}],"about":[{"href":"https:\/\/casabravo.cl\/index.php?rest_route=\/wp\/v2\/types\/product"}],"replies":[{"embeddable":true,"href":"https:\/\/casabravo.cl\/index.php?rest_route=%2Fwp%2Fv2%2Fcomments&post=4476"}],"wp:featuredmedia":[{"embeddable":true,"href":"https:\/\/casabravo.cl\/index.php?rest_route=\/wp\/v2\/media\/4477"}],"wp:attachment":[{"href":"https:\/\/casabravo.cl\/index.php?rest_route=%2Fwp%2Fv2%2Fmedia&parent=4476"}],"curies":[{"name":"wp","href":"https:\/\/api.w.org\/{rel}","templated":true}]}}