{"id":4474,"date":"2019-11-19T22:12:17","date_gmt":"2019-11-19T22:12:17","guid":{"rendered":"http:\/\/casabravo.cl\/?post_type=product&#038;p=4474"},"modified":"2024-05-17T15:12:39","modified_gmt":"2024-05-17T15:12:39","slug":"ampolleta-ufo-50-watts-luz-fria","status":"publish","type":"product","link":"https:\/\/casabravo.cl\/?product=ampolleta-ufo-50-watts-luz-fria","title":{"rendered":"AMPOLLETA UFO 24 WATTS LUZ FR\u00cdA"},"content":{"rendered":"<p>AMPOLLETA LED<\/p>\n<p><strong>CARACTER\u00cdSTICAS:<\/strong><\/p>\n<p>APLICACI\u00d3N: AMPOLLETA LED 24 WATTS<\/p>\n<p>TIPO: UFO ACR\u00cdLICO<\/p>\n<p>VIDA \u00daTIL: 50.000 HORAS<\/p>\n<p>COLOR: LUZ FR\u00cdA (6500K)<\/p>\n<p>CONECTOR: E27<\/p>\n<p>C\u00d3DIGO: 001251<\/p>\n","protected":false},"excerpt":{"rendered":"<p>AMPOLLETA LED CARACTER\u00cdSTICAS: APLICACI\u00d3N: AMPOLLETA LED 24 WATTS TIPO: UFO ACR\u00cdLICO VIDA \u00daTIL: 50.000 HORAS COLOR: LUZ FR\u00cdA (6500K) CONECTOR: E27 C\u00d3DIGO: 001251<\/p>\n","protected":false},"featured_media":4469,"comment_status":"open","ping_status":"closed","template":"","meta":[],"_links":{"self":[{"href":"https:\/\/casabravo.cl\/index.php?rest_route=\/wp\/v2\/product\/4474"}],"collection":[{"href":"https:\/\/casabravo.cl\/index.php?rest_route=\/wp\/v2\/product"}],"about":[{"href":"https:\/\/casabravo.cl\/index.php?rest_route=\/wp\/v2\/types\/product"}],"replies":[{"embeddable":true,"href":"https:\/\/casabravo.cl\/index.php?rest_route=%2Fwp%2Fv2%2Fcomments&post=4474"}],"wp:featuredmedia":[{"embeddable":true,"href":"https:\/\/casabravo.cl\/index.php?rest_route=\/wp\/v2\/media\/4469"}],"wp:attachment":[{"href":"https:\/\/casabravo.cl\/index.php?rest_route=%2Fwp%2Fv2%2Fmedia&parent=4474"}],"curies":[{"name":"wp","href":"https:\/\/api.w.org\/{rel}","templated":true}]}}