{"id":4455,"date":"2019-09-04T14:48:30","date_gmt":"2019-09-04T14:48:30","guid":{"rendered":"http:\/\/casabravo.cl\/?post_type=product&#038;p=4455"},"modified":"2019-09-04T14:48:30","modified_gmt":"2019-09-04T14:48:30","slug":"luminaria-led-solar-para-calle-60-watts","status":"publish","type":"product","link":"https:\/\/casabravo.cl\/?product=luminaria-led-solar-para-calle-60-watts","title":{"rendered":"LUMINARIA LED SOLAR PARA CALLE 60 WATTS"},"content":{"rendered":"<p>LUCES LED SOLAR<\/p>\n<p><strong>CARACTER\u00cdSTICAS:<\/strong><\/p>\n<p>APLICACI\u00d3N: LUMINARIA CALLE CON CONTROL REMOTO<\/p>\n<p>TIPO: LED SOLAR SIN BASE<\/p>\n<p>AUTONOM\u00cdA D\u00cdAS NUBLADOS: 2 A 3 D\u00cdAS<\/p>\n<p>DISTANCIA SENSOR: 12.0 METROS<\/p>\n<p>DISTANCIA DETECCI\u00d3N: 10.0 METROS<\/p>\n<p>POTENCIA: 60 WATTS (IP65)<\/p>\n<p>COLOR: LUZ FR\u00cdA (6500K)<\/p>\n<p>L\u00daMENES: 80 LM\/W<\/p>\n<p>VIDA \u00daTIL: 50.000 HORAS<\/p>\n<p>C\u00d3DIGO: 001961<\/p>\n<p>&nbsp;<\/p>\n<p>&nbsp;<\/p>\n","protected":false},"excerpt":{"rendered":"<p>LUCES LED SOLAR CARACTER\u00cdSTICAS: APLICACI\u00d3N: LUMINARIA CALLE CON CONTROL REMOTO TIPO: LED SOLAR SIN BASE AUTONOM\u00cdA D\u00cdAS NUBLADOS: 2 A 3 D\u00cdAS DISTANCIA SENSOR: 12.0 METROS DISTANCIA DETECCI\u00d3N: 10.0 METROS POTENCIA: 60 WATTS (IP65) COLOR: LUZ FR\u00cdA (6500K) L\u00daMENES: 80 LM\/W VIDA \u00daTIL: 50.000 HORAS C\u00d3DIGO: 001961 &nbsp; &nbsp;<\/p>\n","protected":false},"featured_media":4456,"comment_status":"open","ping_status":"closed","template":"","meta":[],"_links":{"self":[{"href":"https:\/\/casabravo.cl\/index.php?rest_route=\/wp\/v2\/product\/4455"}],"collection":[{"href":"https:\/\/casabravo.cl\/index.php?rest_route=\/wp\/v2\/product"}],"about":[{"href":"https:\/\/casabravo.cl\/index.php?rest_route=\/wp\/v2\/types\/product"}],"replies":[{"embeddable":true,"href":"https:\/\/casabravo.cl\/index.php?rest_route=%2Fwp%2Fv2%2Fcomments&post=4455"}],"wp:featuredmedia":[{"embeddable":true,"href":"https:\/\/casabravo.cl\/index.php?rest_route=\/wp\/v2\/media\/4456"}],"wp:attachment":[{"href":"https:\/\/casabravo.cl\/index.php?rest_route=%2Fwp%2Fv2%2Fmedia&parent=4455"}],"curies":[{"name":"wp","href":"https:\/\/api.w.org\/{rel}","templated":true}]}}