{"id":4294,"date":"2019-05-06T22:01:19","date_gmt":"2019-05-06T22:01:19","guid":{"rendered":"http:\/\/casabravo.cl\/?post_type=product&#038;p=4294"},"modified":"2023-11-28T18:47:49","modified_gmt":"2023-11-28T18:47:49","slug":"tira-decorativa-100-bolas","status":"publish","type":"product","link":"https:\/\/casabravo.cl\/?product=tira-decorativa-100-bolas","title":{"rendered":"GUIRNALDA DECORATIVA 100 BOLAS LUZ C\u00c1LIDA 12.0 METROS"},"content":{"rendered":"<p>TIRA DECORATIVA<\/p>\n<p><strong>CARACTER\u00cdSTICAS:<\/strong><\/p>\n<p>APLICACI\u00d3N: TIRA DECORATIVA<\/p>\n<p>TIPO: 100 BOLAS LED 220V<\/p>\n<p>LARGO: 12.0 METROS<\/p>\n<p>COLOR: LUZ C\u00c1LIDA (3000K)<\/p>\n<p>C\u00d3DIGO: 001530<\/p>\n","protected":false},"excerpt":{"rendered":"<p>TIRA DECORATIVA CARACTER\u00cdSTICAS: APLICACI\u00d3N: TIRA DECORATIVA TIPO: 100 BOLAS LED 220V LARGO: 12.0 METROS COLOR: LUZ C\u00c1LIDA (3000K) C\u00d3DIGO: 001530<\/p>\n","protected":false},"featured_media":0,"comment_status":"open","ping_status":"closed","template":"","meta":[],"_links":{"self":[{"href":"https:\/\/casabravo.cl\/index.php?rest_route=\/wp\/v2\/product\/4294"}],"collection":[{"href":"https:\/\/casabravo.cl\/index.php?rest_route=\/wp\/v2\/product"}],"about":[{"href":"https:\/\/casabravo.cl\/index.php?rest_route=\/wp\/v2\/types\/product"}],"replies":[{"embeddable":true,"href":"https:\/\/casabravo.cl\/index.php?rest_route=%2Fwp%2Fv2%2Fcomments&post=4294"}],"wp:attachment":[{"href":"https:\/\/casabravo.cl\/index.php?rest_route=%2Fwp%2Fv2%2Fmedia&parent=4294"}],"curies":[{"name":"wp","href":"https:\/\/api.w.org\/{rel}","templated":true}]}}