{"id":4213,"date":"2019-04-09T20:01:38","date_gmt":"2019-04-09T20:01:38","guid":{"rendered":"http:\/\/casabravo.cl\/?post_type=product&#038;p=4213"},"modified":"2022-01-28T15:45:40","modified_gmt":"2022-01-28T15:45:40","slug":"camara-tvi-1-mega-pixel","status":"publish","type":"product","link":"https:\/\/casabravo.cl\/?product=camara-tvi-1-mega-pixel","title":{"rendered":"C\u00c1MARA TVI DOMO 1 MEGA PIXEL"},"content":{"rendered":"<p>C\u00c1MARA<\/p>\n<p><strong>CARACTER\u00cdSTICAS:<\/strong><\/p>\n<p>APLICACI\u00d3N: C\u00c1MARA SEGURIDAD<\/p>\n<p>TIPO: DOMO PL\u00c1STICA<\/p>\n<p>RESOLUCI\u00d3N: 1 MEGA PIXEL<\/p>\n<p>DISTANCIA: 20.0 METROS<\/p>\n<p>LENTE: 2.8 MM<\/p>\n<p>MARCA: HILOOK<\/p>\n<p>C\u00d3DIGO: 000771<\/p>\n","protected":false},"excerpt":{"rendered":"<p>C\u00c1MARA CARACTER\u00cdSTICAS: APLICACI\u00d3N: C\u00c1MARA SEGURIDAD TIPO: DOMO PL\u00c1STICA RESOLUCI\u00d3N: 1 MEGA PIXEL DISTANCIA: 20.0 METROS LENTE: 2.8 MM MARCA: HILOOK C\u00d3DIGO: 000771<\/p>\n","protected":false},"featured_media":226,"comment_status":"open","ping_status":"closed","template":"","meta":[],"_links":{"self":[{"href":"https:\/\/casabravo.cl\/index.php?rest_route=\/wp\/v2\/product\/4213"}],"collection":[{"href":"https:\/\/casabravo.cl\/index.php?rest_route=\/wp\/v2\/product"}],"about":[{"href":"https:\/\/casabravo.cl\/index.php?rest_route=\/wp\/v2\/types\/product"}],"replies":[{"embeddable":true,"href":"https:\/\/casabravo.cl\/index.php?rest_route=%2Fwp%2Fv2%2Fcomments&post=4213"}],"wp:featuredmedia":[{"embeddable":true,"href":"https:\/\/casabravo.cl\/index.php?rest_route=\/wp\/v2\/media\/226"}],"wp:attachment":[{"href":"https:\/\/casabravo.cl\/index.php?rest_route=%2Fwp%2Fv2%2Fmedia&parent=4213"}],"curies":[{"name":"wp","href":"https:\/\/api.w.org\/{rel}","templated":true}]}}