{"id":4199,"date":"2019-04-01T14:35:08","date_gmt":"2019-04-01T14:35:08","guid":{"rendered":"http:\/\/casabravo.cl\/?post_type=product&#038;p=4199"},"modified":"2020-06-16T16:37:16","modified_gmt":"2020-06-16T16:37:16","slug":"foco-proyector-de-area-50w","status":"publish","type":"product","link":"https:\/\/casabravo.cl\/?product=foco-proyector-de-area-50w","title":{"rendered":"FOCO PROYECTOR DE \u00c1REA 50 WATTS"},"content":{"rendered":"<p>FOCO LED<\/p>\n<p><strong>CARACTER\u00cdSTICAS:<\/strong><\/p>\n<p>APLICACI\u00d3N: PROYECTOR DE \u00c1REA 50W<\/p>\n<p>TIPO: ILUMINACI\u00d3N ECOL\u00d3GICA &#8211; FOCO SLIM<\/p>\n<p>COLOR: LUZ FR\u00cdA &#8211; 6000K<\/p>\n<p>MARCA: LED KM<\/p>\n<p>C\u00d3DIGO: 000662<\/p>\n<p>&nbsp;<\/p>\n","protected":false},"excerpt":{"rendered":"<p>FOCO LED CARACTER\u00cdSTICAS: APLICACI\u00d3N: PROYECTOR DE \u00c1REA 50W TIPO: ILUMINACI\u00d3N ECOL\u00d3GICA &#8211; FOCO SLIM COLOR: LUZ FR\u00cdA &#8211; 6000K MARCA: LED KM C\u00d3DIGO: 000662 &nbsp;<\/p>\n","protected":false},"featured_media":4202,"comment_status":"open","ping_status":"closed","template":"","meta":[],"_links":{"self":[{"href":"https:\/\/casabravo.cl\/index.php?rest_route=\/wp\/v2\/product\/4199"}],"collection":[{"href":"https:\/\/casabravo.cl\/index.php?rest_route=\/wp\/v2\/product"}],"about":[{"href":"https:\/\/casabravo.cl\/index.php?rest_route=\/wp\/v2\/types\/product"}],"replies":[{"embeddable":true,"href":"https:\/\/casabravo.cl\/index.php?rest_route=%2Fwp%2Fv2%2Fcomments&post=4199"}],"wp:featuredmedia":[{"embeddable":true,"href":"https:\/\/casabravo.cl\/index.php?rest_route=\/wp\/v2\/media\/4202"}],"wp:attachment":[{"href":"https:\/\/casabravo.cl\/index.php?rest_route=%2Fwp%2Fv2%2Fmedia&parent=4199"}],"curies":[{"name":"wp","href":"https:\/\/api.w.org\/{rel}","templated":true}]}}