{"id":4091,"date":"2019-03-12T19:50:17","date_gmt":"2019-03-12T19:50:17","guid":{"rendered":"http:\/\/casabravo.cl\/?post_type=product&#038;p=4091"},"modified":"2019-03-12T19:50:17","modified_gmt":"2019-03-12T19:50:17","slug":"sensor-movimiento-techo","status":"publish","type":"product","link":"https:\/\/casabravo.cl\/?product=sensor-movimiento-techo","title":{"rendered":"SENSOR MOVIMIENTO TECHO"},"content":{"rendered":"<p>SENSOR<\/p>\n<p><strong>CARACTER\u00cdSTICAS:<\/strong><\/p>\n<p>APLICACI\u00d3N: SENSOR MOVIMIENTO TECHO<\/p>\n<p>TIPO: SOBREPUESTO INFRARROJO<\/p>\n<p>RANGO DETECCI\u00d3N: 360\u00ba<\/p>\n<p>DISTANCIA DETECCI\u00d3N: 6 METROS<\/p>\n<p>TIEMPO DETECCI\u00d3N: MIN. 5 SEG. &#8211;\u00a0 M\u00c1X. 7 MINUTOS<\/p>\n<p>C\u00d3DIGO: 001467<\/p>\n","protected":false},"excerpt":{"rendered":"<p>SENSOR CARACTER\u00cdSTICAS: APLICACI\u00d3N: SENSOR MOVIMIENTO TECHO TIPO: SOBREPUESTO INFRARROJO RANGO DETECCI\u00d3N: 360\u00ba DISTANCIA DETECCI\u00d3N: 6 METROS TIEMPO DETECCI\u00d3N: MIN. 5 SEG. &#8211;\u00a0 M\u00c1X. 7 MINUTOS C\u00d3DIGO: 001467<\/p>\n","protected":false},"featured_media":4092,"comment_status":"open","ping_status":"closed","template":"","meta":[],"_links":{"self":[{"href":"https:\/\/casabravo.cl\/index.php?rest_route=\/wp\/v2\/product\/4091"}],"collection":[{"href":"https:\/\/casabravo.cl\/index.php?rest_route=\/wp\/v2\/product"}],"about":[{"href":"https:\/\/casabravo.cl\/index.php?rest_route=\/wp\/v2\/types\/product"}],"replies":[{"embeddable":true,"href":"https:\/\/casabravo.cl\/index.php?rest_route=%2Fwp%2Fv2%2Fcomments&post=4091"}],"wp:featuredmedia":[{"embeddable":true,"href":"https:\/\/casabravo.cl\/index.php?rest_route=\/wp\/v2\/media\/4092"}],"wp:attachment":[{"href":"https:\/\/casabravo.cl\/index.php?rest_route=%2Fwp%2Fv2%2Fmedia&parent=4091"}],"curies":[{"name":"wp","href":"https:\/\/api.w.org\/{rel}","templated":true}]}}