{"id":4050,"date":"2019-03-05T15:13:01","date_gmt":"2019-03-05T15:13:01","guid":{"rendered":"http:\/\/casabravo.cl\/?post_type=product&#038;p=4050"},"modified":"2025-04-24T21:04:43","modified_gmt":"2025-04-24T21:04:43","slug":"foco-led-con-sensor-20-watts-slim","status":"publish","type":"product","link":"https:\/\/casabravo.cl\/?product=foco-led-con-sensor-20-watts-slim","title":{"rendered":"FOCO LED CON SENSOR 20 WATTS SLIM"},"content":{"rendered":"<p>FOCO LED<\/p>\n<p><strong>CARACTER\u00cdSTICAS:<\/strong><\/p>\n<p>APLICACI\u00d3N: FOCO LED CON SENSOR INFRARROJO 120\u00ba COBERTURA<\/p>\n<p>TIPO: FOCO SLIM &#8211; LUZ FR\u00cdA &#8211; IP65<\/p>\n<p>POTENCIA: 20 WATTS<\/p>\n<p>LUMINOSIDAD: 1600 L\u00daMENES APROXIMADOS<\/p>\n<p>VIDA \u00daTIL: 30.000 HORAS<\/p>\n<p>MEDIDAS: ANCHO 17 CMS. &#8211; ALTO 18.7 CMS. &#8211; FONDO 3.5 CMS.<\/p>\n<p>C\u00d3DIGO: 000573<\/p>\n<p>&nbsp;<\/p>\n","protected":false},"excerpt":{"rendered":"<p>FOCO LED CARACTER\u00cdSTICAS: APLICACI\u00d3N: FOCO LED CON SENSOR INFRARROJO 120\u00ba COBERTURA TIPO: FOCO SLIM &#8211; LUZ FR\u00cdA &#8211; IP65 POTENCIA: 20 WATTS LUMINOSIDAD: 1600 L\u00daMENES APROXIMADOS VIDA \u00daTIL: 30.000 HORAS MEDIDAS: ANCHO 17 CMS. &#8211; ALTO 18.7 CMS. &#8211; FONDO 3.5 CMS. C\u00d3DIGO: 000573 &nbsp;<\/p>\n","protected":false},"featured_media":2936,"comment_status":"open","ping_status":"closed","template":"","meta":[],"_links":{"self":[{"href":"https:\/\/casabravo.cl\/index.php?rest_route=\/wp\/v2\/product\/4050"}],"collection":[{"href":"https:\/\/casabravo.cl\/index.php?rest_route=\/wp\/v2\/product"}],"about":[{"href":"https:\/\/casabravo.cl\/index.php?rest_route=\/wp\/v2\/types\/product"}],"replies":[{"embeddable":true,"href":"https:\/\/casabravo.cl\/index.php?rest_route=%2Fwp%2Fv2%2Fcomments&post=4050"}],"wp:featuredmedia":[{"embeddable":true,"href":"https:\/\/casabravo.cl\/index.php?rest_route=\/wp\/v2\/media\/2936"}],"wp:attachment":[{"href":"https:\/\/casabravo.cl\/index.php?rest_route=%2Fwp%2Fv2%2Fmedia&parent=4050"}],"curies":[{"name":"wp","href":"https:\/\/api.w.org\/{rel}","templated":true}]}}