{"id":4038,"date":"2019-03-01T22:07:49","date_gmt":"2019-03-01T22:07:49","guid":{"rendered":"http:\/\/casabravo.cl\/?post_type=product&#038;p=4038"},"modified":"2022-03-11T13:42:48","modified_gmt":"2022-03-11T13:42:48","slug":"ampolleta-emergencia-11-watts","status":"publish","type":"product","link":"https:\/\/casabravo.cl\/?product=ampolleta-emergencia-11-watts","title":{"rendered":"AMPOLLETA EMERGENCIA 11 WATTS LUZ FR\u00cdA"},"content":{"rendered":"<p>AMPOLLETA LED<\/p>\n<p><strong>CARACTER\u00cdSTICAS:<\/strong><\/p>\n<p>APLICACI\u00d3N: AMPOLLETA 11 WATTS<\/p>\n<p>TIPO: EMERGENCIA &#8211;\u00a0AUTONOM\u00cdA 3 HORAS<\/p>\n<p>EQUIVALENCIA: 11W = 100W<\/p>\n<p>COLOR: LUZ FR\u00cdA &#8211; E27<\/p>\n<p>COBERTURA: \u00c1NGULO 230\u00ba<\/p>\n<p>LUMINOSIDAD. 1050 L\u00daMENES<\/p>\n<p>VIDA \u00daTIL: 25.000 HORAS<\/p>\n<p>MARCA: WELLMAX<\/p>\n<p>C\u00d3DIGO: 000852<\/p>\n<p>&nbsp;<\/p>\n","protected":false},"excerpt":{"rendered":"<p>AMPOLLETA LED CARACTER\u00cdSTICAS: APLICACI\u00d3N: AMPOLLETA 11 WATTS TIPO: EMERGENCIA &#8211;\u00a0AUTONOM\u00cdA 3 HORAS EQUIVALENCIA: 11W = 100W COLOR: LUZ FR\u00cdA &#8211; E27 COBERTURA: \u00c1NGULO 230\u00ba LUMINOSIDAD. 1050 L\u00daMENES VIDA \u00daTIL: 25.000 HORAS MARCA: WELLMAX C\u00d3DIGO: 000852 &nbsp;<\/p>\n","protected":false},"featured_media":4036,"comment_status":"open","ping_status":"closed","template":"","meta":[],"_links":{"self":[{"href":"https:\/\/casabravo.cl\/index.php?rest_route=\/wp\/v2\/product\/4038"}],"collection":[{"href":"https:\/\/casabravo.cl\/index.php?rest_route=\/wp\/v2\/product"}],"about":[{"href":"https:\/\/casabravo.cl\/index.php?rest_route=\/wp\/v2\/types\/product"}],"replies":[{"embeddable":true,"href":"https:\/\/casabravo.cl\/index.php?rest_route=%2Fwp%2Fv2%2Fcomments&post=4038"}],"wp:featuredmedia":[{"embeddable":true,"href":"https:\/\/casabravo.cl\/index.php?rest_route=\/wp\/v2\/media\/4036"}],"wp:attachment":[{"href":"https:\/\/casabravo.cl\/index.php?rest_route=%2Fwp%2Fv2%2Fmedia&parent=4038"}],"curies":[{"name":"wp","href":"https:\/\/api.w.org\/{rel}","templated":true}]}}