{"id":4023,"date":"2019-03-01T15:33:02","date_gmt":"2019-03-01T15:33:02","guid":{"rendered":"http:\/\/casabravo.cl\/?post_type=product&#038;p=4023"},"modified":"2022-07-29T21:30:46","modified_gmt":"2022-07-29T21:30:46","slug":"panel-led-redondo-sobrepuesto-12-watts","status":"publish","type":"product","link":"https:\/\/casabravo.cl\/?product=panel-led-redondo-sobrepuesto-12-watts","title":{"rendered":"PANEL LED REDONDO SOBREPUESTO 12 WATTS LUZ FR\u00cdA"},"content":{"rendered":"<p>PANEL LED<\/p>\n<p><strong>CARACTER\u00cdSTICAS:<\/strong><\/p>\n<p>APLICACI\u00d3N: PANEL LED TECHO<\/p>\n<p>TIPO: REDONDO SOBREPUESTO<\/p>\n<p>POTENCIA: 12 WATTS<\/p>\n<p>COLOR: LUZ FR\u00cdA (6500K)<\/p>\n<p>DI\u00c1METRO: 160 MM<\/p>\n<p>LUMINOSIDAD: 840 L\u00daMENES<\/p>\n<p>\u00c1NGULO LUMINOSIDAD: 120\u00b0<\/p>\n<p>C\u00d3DIGO: 054514<\/p>\n<p>&nbsp;<\/p>\n","protected":false},"excerpt":{"rendered":"<p>PANEL LED CARACTER\u00cdSTICAS: APLICACI\u00d3N: PANEL LED TECHO TIPO: REDONDO SOBREPUESTO POTENCIA: 12 WATTS COLOR: LUZ FR\u00cdA (6500K) DI\u00c1METRO: 160 MM LUMINOSIDAD: 840 L\u00daMENES \u00c1NGULO LUMINOSIDAD: 120\u00b0 C\u00d3DIGO: 054514 &nbsp;<\/p>\n","protected":false},"featured_media":0,"comment_status":"open","ping_status":"closed","template":"","meta":[],"_links":{"self":[{"href":"https:\/\/casabravo.cl\/index.php?rest_route=\/wp\/v2\/product\/4023"}],"collection":[{"href":"https:\/\/casabravo.cl\/index.php?rest_route=\/wp\/v2\/product"}],"about":[{"href":"https:\/\/casabravo.cl\/index.php?rest_route=\/wp\/v2\/types\/product"}],"replies":[{"embeddable":true,"href":"https:\/\/casabravo.cl\/index.php?rest_route=%2Fwp%2Fv2%2Fcomments&post=4023"}],"wp:attachment":[{"href":"https:\/\/casabravo.cl\/index.php?rest_route=%2Fwp%2Fv2%2Fmedia&parent=4023"}],"curies":[{"name":"wp","href":"https:\/\/api.w.org\/{rel}","templated":true}]}}