{"id":3981,"date":"2019-02-07T21:11:07","date_gmt":"2019-02-07T21:11:07","guid":{"rendered":"http:\/\/casabravo.cl\/?post_type=product&#038;p=3981"},"modified":"2021-08-25T14:46:36","modified_gmt":"2021-08-25T14:46:36","slug":"grabador-interno-pc","status":"publish","type":"product","link":"https:\/\/casabravo.cl\/?product=grabador-interno-pc","title":{"rendered":"GRABADOR INTERNO COMPUTADOR"},"content":{"rendered":"<p>GRABADOR<\/p>\n<p><strong>CARACTER\u00cdSTICAS:<\/strong><\/p>\n<p>APLICACI\u00d3N: GRABADOR PARA COMPUTADOR<\/p>\n<p>TIPO: INTERNO SATA 24X<\/p>\n<p>COLOR: NEGRO<\/p>\n<p>MARCA: LG<\/p>\n<p>C\u00d3DIGO: 001411<\/p>\n<p>&nbsp;<\/p>\n","protected":false},"excerpt":{"rendered":"<p>GRABADOR CARACTER\u00cdSTICAS: APLICACI\u00d3N: GRABADOR PARA COMPUTADOR TIPO: INTERNO SATA 24X COLOR: NEGRO MARCA: LG C\u00d3DIGO: 001411 &nbsp;<\/p>\n","protected":false},"featured_media":3983,"comment_status":"open","ping_status":"closed","template":"","meta":[],"_links":{"self":[{"href":"https:\/\/casabravo.cl\/index.php?rest_route=\/wp\/v2\/product\/3981"}],"collection":[{"href":"https:\/\/casabravo.cl\/index.php?rest_route=\/wp\/v2\/product"}],"about":[{"href":"https:\/\/casabravo.cl\/index.php?rest_route=\/wp\/v2\/types\/product"}],"replies":[{"embeddable":true,"href":"https:\/\/casabravo.cl\/index.php?rest_route=%2Fwp%2Fv2%2Fcomments&post=3981"}],"wp:featuredmedia":[{"embeddable":true,"href":"https:\/\/casabravo.cl\/index.php?rest_route=\/wp\/v2\/media\/3983"}],"wp:attachment":[{"href":"https:\/\/casabravo.cl\/index.php?rest_route=%2Fwp%2Fv2%2Fmedia&parent=3981"}],"curies":[{"name":"wp","href":"https:\/\/api.w.org\/{rel}","templated":true}]}}