{"id":3978,"date":"2019-02-07T20:54:39","date_gmt":"2019-02-07T20:54:39","guid":{"rendered":"http:\/\/casabravo.cl\/?post_type=product&#038;p=3978"},"modified":"2021-09-22T14:53:35","modified_gmt":"2021-09-22T14:53:35","slug":"grabador-externo-ultra-slim","status":"publish","type":"product","link":"https:\/\/casabravo.cl\/?product=grabador-externo-ultra-slim","title":{"rendered":"GRABADOR EXTERNO SATA SLIM"},"content":{"rendered":"<p>GRABADOR<\/p>\n<p><strong>CARACTER\u00cdSTICAS:<\/strong><\/p>\n<p>APLICACI\u00d3N: GRABADOR EXTERNO<\/p>\n<p>TIPO: USB 2.0 DVD-RW<\/p>\n<p>COLOR: NEGRO<\/p>\n<p>C\u00d3DIGO: 001411<\/p>\n<p>&nbsp;<\/p>\n","protected":false},"excerpt":{"rendered":"<p>GRABADOR CARACTER\u00cdSTICAS: APLICACI\u00d3N: GRABADOR EXTERNO TIPO: USB 2.0 DVD-RW COLOR: NEGRO C\u00d3DIGO: 001411 &nbsp;<\/p>\n","protected":false},"featured_media":6013,"comment_status":"open","ping_status":"closed","template":"","meta":[],"_links":{"self":[{"href":"https:\/\/casabravo.cl\/index.php?rest_route=\/wp\/v2\/product\/3978"}],"collection":[{"href":"https:\/\/casabravo.cl\/index.php?rest_route=\/wp\/v2\/product"}],"about":[{"href":"https:\/\/casabravo.cl\/index.php?rest_route=\/wp\/v2\/types\/product"}],"replies":[{"embeddable":true,"href":"https:\/\/casabravo.cl\/index.php?rest_route=%2Fwp%2Fv2%2Fcomments&post=3978"}],"wp:featuredmedia":[{"embeddable":true,"href":"https:\/\/casabravo.cl\/index.php?rest_route=\/wp\/v2\/media\/6013"}],"wp:attachment":[{"href":"https:\/\/casabravo.cl\/index.php?rest_route=%2Fwp%2Fv2%2Fmedia&parent=3978"}],"curies":[{"name":"wp","href":"https:\/\/api.w.org\/{rel}","templated":true}]}}