{"id":3955,"date":"2019-02-04T21:40:56","date_gmt":"2019-02-04T21:40:56","guid":{"rendered":"http:\/\/casabravo.cl\/?post_type=product&#038;p=3955"},"modified":"2020-12-21T15:46:14","modified_gmt":"2020-12-21T15:46:14","slug":"cable-extension-poder-1-5-metros","status":"publish","type":"product","link":"https:\/\/casabravo.cl\/?product=cable-extension-poder-1-5-metros","title":{"rendered":"CABLE EXTENSI\u00d3N PODER 1.5 METROS"},"content":{"rendered":"<p>CABLE<\/p>\n<p><strong>CARACTER\u00cdSTICAS:<\/strong><\/p>\n<p>APLICACI\u00d3N: CABLE EXTENSI\u00d3N DE PC A MONITOR<\/p>\n<p>TIPO: CONECTOR IEC320<\/p>\n<p>LARGO: 1.5 METROS<\/p>\n<p>C\u00d3DIGO: 00828<\/p>\n","protected":false},"excerpt":{"rendered":"<p>CABLE CARACTER\u00cdSTICAS: APLICACI\u00d3N: CABLE EXTENSI\u00d3N DE PC A MONITOR TIPO: CONECTOR IEC320 LARGO: 1.5 METROS C\u00d3DIGO: 00828<\/p>\n","protected":false},"featured_media":3956,"comment_status":"open","ping_status":"closed","template":"","meta":[],"_links":{"self":[{"href":"https:\/\/casabravo.cl\/index.php?rest_route=\/wp\/v2\/product\/3955"}],"collection":[{"href":"https:\/\/casabravo.cl\/index.php?rest_route=\/wp\/v2\/product"}],"about":[{"href":"https:\/\/casabravo.cl\/index.php?rest_route=\/wp\/v2\/types\/product"}],"replies":[{"embeddable":true,"href":"https:\/\/casabravo.cl\/index.php?rest_route=%2Fwp%2Fv2%2Fcomments&post=3955"}],"wp:featuredmedia":[{"embeddable":true,"href":"https:\/\/casabravo.cl\/index.php?rest_route=\/wp\/v2\/media\/3956"}],"wp:attachment":[{"href":"https:\/\/casabravo.cl\/index.php?rest_route=%2Fwp%2Fv2%2Fmedia&parent=3955"}],"curies":[{"name":"wp","href":"https:\/\/api.w.org\/{rel}","templated":true}]}}