{"id":3939,"date":"2019-02-01T22:07:15","date_gmt":"2019-02-01T22:07:15","guid":{"rendered":"http:\/\/casabravo.cl\/?post_type=product&#038;p=3939"},"modified":"2020-12-23T14:13:17","modified_gmt":"2020-12-23T14:13:17","slug":"cable-usb-iphone-5-2","status":"publish","type":"product","link":"https:\/\/casabravo.cl\/?product=cable-usb-iphone-5-2","title":{"rendered":"CABLE USB IPHONE 5"},"content":{"rendered":"<p>CABLE<\/p>\n<p><strong>CARACTER\u00cdSTICAS:<\/strong><\/p>\n<p>APLICACI\u00d3N: CABLE IPHONE 5<\/p>\n<p>TIPO: FLEXIBLE<\/p>\n<p>COLOR: FUCSIA Y CALIPSO<\/p>\n<p>LARGO: 1.0 METRO<\/p>\n<p>C\u00d3DIGO: 054346<\/p>\n","protected":false},"excerpt":{"rendered":"<p>CABLE CARACTER\u00cdSTICAS: APLICACI\u00d3N: CABLE IPHONE 5 TIPO: FLEXIBLE COLOR: FUCSIA Y CALIPSO LARGO: 1.0 METRO C\u00d3DIGO: 054346<\/p>\n","protected":false},"featured_media":3940,"comment_status":"open","ping_status":"closed","template":"","meta":[],"_links":{"self":[{"href":"https:\/\/casabravo.cl\/index.php?rest_route=\/wp\/v2\/product\/3939"}],"collection":[{"href":"https:\/\/casabravo.cl\/index.php?rest_route=\/wp\/v2\/product"}],"about":[{"href":"https:\/\/casabravo.cl\/index.php?rest_route=\/wp\/v2\/types\/product"}],"replies":[{"embeddable":true,"href":"https:\/\/casabravo.cl\/index.php?rest_route=%2Fwp%2Fv2%2Fcomments&post=3939"}],"wp:featuredmedia":[{"embeddable":true,"href":"https:\/\/casabravo.cl\/index.php?rest_route=\/wp\/v2\/media\/3940"}],"wp:attachment":[{"href":"https:\/\/casabravo.cl\/index.php?rest_route=%2Fwp%2Fv2%2Fmedia&parent=3939"}],"curies":[{"name":"wp","href":"https:\/\/api.w.org\/{rel}","templated":true}]}}