{"id":3900,"date":"2019-01-30T19:56:29","date_gmt":"2019-01-30T19:56:29","guid":{"rendered":"http:\/\/casabravo.cl\/?post_type=product&#038;p=3900"},"modified":"2021-06-08T20:24:29","modified_gmt":"2021-06-08T20:24:29","slug":"canoa-flats-30-centimetros-10-watts","status":"publish","type":"product","link":"https:\/\/casabravo.cl\/?product=canoa-flats-30-centimetros-10-watts","title":{"rendered":"CANOA FLATS 30 CENT\u00cdMETROS 10 WATTS"},"content":{"rendered":"<p>CANOA FLATS<\/p>\n<p><strong>CARACTER\u00cdSTICAS:<\/strong><\/p>\n<p>APLICACI\u00d3N: CANOA LED 10 WATTS<\/p>\n<p>TIPO: FLATS CON DISIPADOR DE ALUMINIO<\/p>\n<p>MEDIDA: 30 CENT\u00cdMETROS DE LARGO<\/p>\n<p>COLOR: LUZ FR\u00cdA (6500K)<\/p>\n<p>C\u00d3DIGO: 054323<\/p>\n","protected":false},"excerpt":{"rendered":"<p>CANOA FLATS CARACTER\u00cdSTICAS: APLICACI\u00d3N: CANOA LED 10 WATTS TIPO: FLATS CON DISIPADOR DE ALUMINIO MEDIDA: 30 CENT\u00cdMETROS DE LARGO COLOR: LUZ FR\u00cdA (6500K) C\u00d3DIGO: 054323<\/p>\n","protected":false},"featured_media":1959,"comment_status":"open","ping_status":"closed","template":"","meta":[],"_links":{"self":[{"href":"https:\/\/casabravo.cl\/index.php?rest_route=\/wp\/v2\/product\/3900"}],"collection":[{"href":"https:\/\/casabravo.cl\/index.php?rest_route=\/wp\/v2\/product"}],"about":[{"href":"https:\/\/casabravo.cl\/index.php?rest_route=\/wp\/v2\/types\/product"}],"replies":[{"embeddable":true,"href":"https:\/\/casabravo.cl\/index.php?rest_route=%2Fwp%2Fv2%2Fcomments&post=3900"}],"wp:featuredmedia":[{"embeddable":true,"href":"https:\/\/casabravo.cl\/index.php?rest_route=\/wp\/v2\/media\/1959"}],"wp:attachment":[{"href":"https:\/\/casabravo.cl\/index.php?rest_route=%2Fwp%2Fv2%2Fmedia&parent=3900"}],"curies":[{"name":"wp","href":"https:\/\/api.w.org\/{rel}","templated":true}]}}