{"id":3894,"date":"2019-01-30T19:31:03","date_gmt":"2019-01-30T19:31:03","guid":{"rendered":"http:\/\/casabravo.cl\/?post_type=product&#038;p=3894"},"modified":"2020-12-23T19:31:34","modified_gmt":"2020-12-23T19:31:34","slug":"canoa-led-t8-120-centimetros-18-watts","status":"publish","type":"product","link":"https:\/\/casabravo.cl\/?product=canoa-led-t8-120-centimetros-18-watts","title":{"rendered":"CANOA LED T8 120 CENT\u00cdMETROS 18 WATTS"},"content":{"rendered":"<p>CANOA LED<\/p>\n<p><strong>CARACTER\u00cdSTICAS:<\/strong><\/p>\n<p>APLICACI\u00d3N: CANOA LED 18 WATTS<\/p>\n<p>TIPO: T8 DISIPADOR ALUMINIO SOBREPUESTO<\/p>\n<p>COLOR: LUZ FR\u00cdA (6500K)<\/p>\n<p>MEDIDA: 120 CENT\u00cdMETROS DE LARGO<\/p>\n<p>INCLUYE: CONECTOR TR\u00c9BOL, CABLE Y ADAPTADOR<\/p>\n<p>PARA CONECTAR OTRO TUBO EN L\u00cdNEA<\/p>\n<p>MARCA: POWERLED<\/p>\n<p>C\u00d3DIGO: 054409<\/p>\n<p>&nbsp;<\/p>\n","protected":false},"excerpt":{"rendered":"<p>CANOA LED CARACTER\u00cdSTICAS: APLICACI\u00d3N: CANOA LED 18 WATTS TIPO: T8 DISIPADOR ALUMINIO SOBREPUESTO COLOR: LUZ FR\u00cdA (6500K) MEDIDA: 120 CENT\u00cdMETROS DE LARGO INCLUYE: CONECTOR TR\u00c9BOL, CABLE Y ADAPTADOR PARA CONECTAR OTRO TUBO EN L\u00cdNEA MARCA: POWERLED C\u00d3DIGO: 054409 &nbsp;<\/p>\n","protected":false},"featured_media":0,"comment_status":"open","ping_status":"closed","template":"","meta":[],"_links":{"self":[{"href":"https:\/\/casabravo.cl\/index.php?rest_route=\/wp\/v2\/product\/3894"}],"collection":[{"href":"https:\/\/casabravo.cl\/index.php?rest_route=\/wp\/v2\/product"}],"about":[{"href":"https:\/\/casabravo.cl\/index.php?rest_route=\/wp\/v2\/types\/product"}],"replies":[{"embeddable":true,"href":"https:\/\/casabravo.cl\/index.php?rest_route=%2Fwp%2Fv2%2Fcomments&post=3894"}],"wp:attachment":[{"href":"https:\/\/casabravo.cl\/index.php?rest_route=%2Fwp%2Fv2%2Fmedia&parent=3894"}],"curies":[{"name":"wp","href":"https:\/\/api.w.org\/{rel}","templated":true}]}}