{"id":3870,"date":"2019-01-29T20:09:38","date_gmt":"2019-01-29T20:09:38","guid":{"rendered":"http:\/\/casabravo.cl\/?post_type=product&#038;p=3870"},"modified":"2019-01-30T15:40:59","modified_gmt":"2019-01-30T15:40:59","slug":"proyector-de-area-led-150-watts","status":"publish","type":"product","link":"https:\/\/casabravo.cl\/?product=proyector-de-area-led-150-watts","title":{"rendered":"PROYECTOR DE \u00c1REA LED 150 WATTS"},"content":{"rendered":"<p>FOCO LED<\/p>\n<p><strong>CARACTER\u00cdSTICAS:<\/strong><\/p>\n<p>APLICACI\u00d3N: FOCO LED 150 WATTS<\/p>\n<p>TIPO: PROYECTOR DE \u00c1REA, RESISTE POLVO Y AGUA<\/p>\n<p>NORMA: IP 65, DE USO EXTERIOR<\/p>\n<p>COBERTURA: LUZ DE GRAN DEFINICI\u00d3N Y COBERTURA DE 120\u00ba<\/p>\n<p>LUMINOSIDAD: 12.000 L\u00daMENES<\/p>\n<p>VIDA \u00daTIL: 30.000 HORAS (12 HORAS DIARIAS, M\u00c1S DE 6 A\u00d1OS)<\/p>\n<p>COLOR: BLANCO FR\u00cdO (6500K)<\/p>\n<p>C\u00d3DIGO: 000557<\/p>\n","protected":false},"excerpt":{"rendered":"<p>FOCO LED CARACTER\u00cdSTICAS: APLICACI\u00d3N: FOCO LED 150 WATTS TIPO: PROYECTOR DE \u00c1REA, RESISTE POLVO Y AGUA NORMA: IP 65, DE USO EXTERIOR COBERTURA: LUZ DE GRAN DEFINICI\u00d3N Y COBERTURA DE 120\u00ba LUMINOSIDAD: 12.000 L\u00daMENES VIDA \u00daTIL: 30.000 HORAS (12 HORAS DIARIAS, M\u00c1S DE 6 A\u00d1OS) COLOR: BLANCO FR\u00cdO (6500K) C\u00d3DIGO: 000557<\/p>\n","protected":false},"featured_media":0,"comment_status":"open","ping_status":"closed","template":"","meta":[],"_links":{"self":[{"href":"https:\/\/casabravo.cl\/index.php?rest_route=\/wp\/v2\/product\/3870"}],"collection":[{"href":"https:\/\/casabravo.cl\/index.php?rest_route=\/wp\/v2\/product"}],"about":[{"href":"https:\/\/casabravo.cl\/index.php?rest_route=\/wp\/v2\/types\/product"}],"replies":[{"embeddable":true,"href":"https:\/\/casabravo.cl\/index.php?rest_route=%2Fwp%2Fv2%2Fcomments&post=3870"}],"wp:attachment":[{"href":"https:\/\/casabravo.cl\/index.php?rest_route=%2Fwp%2Fv2%2Fmedia&parent=3870"}],"curies":[{"name":"wp","href":"https:\/\/api.w.org\/{rel}","templated":true}]}}