{"id":3804,"date":"2019-01-24T15:16:10","date_gmt":"2019-01-24T15:16:10","guid":{"rendered":"http:\/\/casabravo.cl\/?post_type=product&#038;p=3804"},"modified":"2024-08-21T14:26:20","modified_gmt":"2024-08-21T14:26:20","slug":"ampolleta-led-7w","status":"publish","type":"product","link":"https:\/\/casabravo.cl\/?product=ampolleta-led-7w","title":{"rendered":"AMPOLLETA LED GU10 7 WATTS LUZ C\u00c1LIDA"},"content":{"rendered":"<p>AMPOLLETA GU10<\/p>\n<p><strong>CARACTER\u00cdSTICAS:<\/strong><\/p>\n<p>APLICACI\u00d3N: AMPOLLETA LED GU10 7 WATTS<\/p>\n<p>TIPO: DICROICA GU10<\/p>\n<p>COLOR: LUZ C\u00c1LIDA (3000K)<\/p>\n<p>LUMINOSIDAD: 470 L\u00daMENES<\/p>\n<p>VIDA \u00daTIL: 25.000 HORAS<\/p>\n<p>MARCA: WELLMAX<\/p>\n<p>C\u00d3DIGO:\u00a0054401<\/p>\n","protected":false},"excerpt":{"rendered":"<p>AMPOLLETA GU10 CARACTER\u00cdSTICAS: APLICACI\u00d3N: AMPOLLETA LED GU10 7 WATTS TIPO: DICROICA GU10 COLOR: LUZ C\u00c1LIDA (3000K) LUMINOSIDAD: 470 L\u00daMENES VIDA \u00daTIL: 25.000 HORAS MARCA: WELLMAX C\u00d3DIGO:\u00a0054401<\/p>\n","protected":false},"featured_media":2534,"comment_status":"open","ping_status":"closed","template":"","meta":[],"_links":{"self":[{"href":"https:\/\/casabravo.cl\/index.php?rest_route=\/wp\/v2\/product\/3804"}],"collection":[{"href":"https:\/\/casabravo.cl\/index.php?rest_route=\/wp\/v2\/product"}],"about":[{"href":"https:\/\/casabravo.cl\/index.php?rest_route=\/wp\/v2\/types\/product"}],"replies":[{"embeddable":true,"href":"https:\/\/casabravo.cl\/index.php?rest_route=%2Fwp%2Fv2%2Fcomments&post=3804"}],"wp:featuredmedia":[{"embeddable":true,"href":"https:\/\/casabravo.cl\/index.php?rest_route=\/wp\/v2\/media\/2534"}],"wp:attachment":[{"href":"https:\/\/casabravo.cl\/index.php?rest_route=%2Fwp%2Fv2%2Fmedia&parent=3804"}],"curies":[{"name":"wp","href":"https:\/\/api.w.org\/{rel}","templated":true}]}}