{"id":3784,"date":"2019-01-24T13:26:48","date_gmt":"2019-01-24T13:26:48","guid":{"rendered":"http:\/\/casabravo.cl\/?post_type=product&#038;p=3784"},"modified":"2022-10-25T15:29:00","modified_gmt":"2022-10-25T15:29:00","slug":"foco-led-vidrio-6w-cuadrado-embutido-6500k-2","status":"publish","type":"product","link":"https:\/\/casabravo.cl\/?product=foco-led-vidrio-6w-cuadrado-embutido-6500k-2","title":{"rendered":"PANEL LED CUADRADO EMBUTIDO 6 WATTS VIDRIO"},"content":{"rendered":"<p>PANEL LED<\/p>\n<p><strong>CARACTER\u00cdSTICAS:<\/strong><\/p>\n<p>APLICACI\u00d3N: PANEL LED VIDRIO TECHO<\/p>\n<p>TIPO: CUADRADO EMBUTIDO<\/p>\n<p>COLOR: LUZ\u00a0 FR\u00cdA (6500K)<\/p>\n<p>POTENCIA: 6 WATTS<\/p>\n<p>DI\u00c1METRO: 75 MM<\/p>\n<p>MARCA: POWERLED<\/p>\n<p>C\u00d3DIGO: 054369<\/p>\n","protected":false},"excerpt":{"rendered":"<p>PANEL LED CARACTER\u00cdSTICAS: APLICACI\u00d3N: PANEL LED VIDRIO TECHO TIPO: CUADRADO EMBUTIDO COLOR: LUZ\u00a0 FR\u00cdA (6500K) POTENCIA: 6 WATTS DI\u00c1METRO: 75 MM MARCA: POWERLED C\u00d3DIGO: 054369<\/p>\n","protected":false},"featured_media":0,"comment_status":"open","ping_status":"closed","template":"","meta":[],"_links":{"self":[{"href":"https:\/\/casabravo.cl\/index.php?rest_route=\/wp\/v2\/product\/3784"}],"collection":[{"href":"https:\/\/casabravo.cl\/index.php?rest_route=\/wp\/v2\/product"}],"about":[{"href":"https:\/\/casabravo.cl\/index.php?rest_route=\/wp\/v2\/types\/product"}],"replies":[{"embeddable":true,"href":"https:\/\/casabravo.cl\/index.php?rest_route=%2Fwp%2Fv2%2Fcomments&post=3784"}],"wp:attachment":[{"href":"https:\/\/casabravo.cl\/index.php?rest_route=%2Fwp%2Fv2%2Fmedia&parent=3784"}],"curies":[{"name":"wp","href":"https:\/\/api.w.org\/{rel}","templated":true}]}}