{"id":3780,"date":"2019-01-24T13:18:15","date_gmt":"2019-01-24T13:18:15","guid":{"rendered":"http:\/\/casabravo.cl\/?post_type=product&#038;p=3780"},"modified":"2021-11-08T20:35:24","modified_gmt":"2021-11-08T20:35:24","slug":"foco-panel-sobrepuesto-12w-redondo-biselado-6500k","status":"publish","type":"product","link":"https:\/\/casabravo.cl\/?product=foco-panel-sobrepuesto-12w-redondo-biselado-6500k","title":{"rendered":"PANEL LED REDONDO SOBREPUESTO 12 WATTS BISELADO"},"content":{"rendered":"<p>PANEL LED<\/p>\n<p><strong>CARACTER\u00cdSTICAS:<\/strong><\/p>\n<p>APLICACI\u00d3N: PANEL LED BISELADO 12 WATTS<\/p>\n<p>TIPO: REDONDO SOBREPUESTO<\/p>\n<p>COLOR: LUZ FR\u00cdA (6500K)<\/p>\n<p>MARCA: POWERLED<\/p>\n<p>C\u00d3DIGO: 001503<\/p>\n","protected":false},"excerpt":{"rendered":"<p>PANEL LED CARACTER\u00cdSTICAS: APLICACI\u00d3N: PANEL LED BISELADO 12 WATTS TIPO: REDONDO SOBREPUESTO COLOR: LUZ FR\u00cdA (6500K) MARCA: POWERLED C\u00d3DIGO: 001503<\/p>\n","protected":false},"featured_media":2530,"comment_status":"open","ping_status":"closed","template":"","meta":[],"_links":{"self":[{"href":"https:\/\/casabravo.cl\/index.php?rest_route=\/wp\/v2\/product\/3780"}],"collection":[{"href":"https:\/\/casabravo.cl\/index.php?rest_route=\/wp\/v2\/product"}],"about":[{"href":"https:\/\/casabravo.cl\/index.php?rest_route=\/wp\/v2\/types\/product"}],"replies":[{"embeddable":true,"href":"https:\/\/casabravo.cl\/index.php?rest_route=%2Fwp%2Fv2%2Fcomments&post=3780"}],"wp:featuredmedia":[{"embeddable":true,"href":"https:\/\/casabravo.cl\/index.php?rest_route=\/wp\/v2\/media\/2530"}],"wp:attachment":[{"href":"https:\/\/casabravo.cl\/index.php?rest_route=%2Fwp%2Fv2%2Fmedia&parent=3780"}],"curies":[{"name":"wp","href":"https:\/\/api.w.org\/{rel}","templated":true}]}}