{"id":3678,"date":"2019-01-18T20:47:44","date_gmt":"2019-01-18T20:47:44","guid":{"rendered":"http:\/\/casabravo.cl\/?post_type=product&#038;p=3678"},"modified":"2019-06-07T20:22:34","modified_gmt":"2019-06-07T20:22:34","slug":"ampolleta-led-cw-frio-6w-2","status":"publish","type":"product","link":"https:\/\/casabravo.cl\/?product=ampolleta-led-cw-frio-6w-2","title":{"rendered":"AMPOLLETA LED 6 WATTS FILAMENTOS LUZ FR\u00cdA"},"content":{"rendered":"<p>AMPOLLETA LED<\/p>\n<p><strong>CARACTER\u00cdSTICAS:<\/strong><\/p>\n<p>APLICACI\u00d3N: AMPOLLETA LED 6 WATTS<\/p>\n<p>TIPO: LUZ FR\u00cdA \/ E27<\/p>\n<p>MODELO. FILAMENTOS BULB<\/p>\n<p>LUMINOSIDAD: 550-600 L\u00daMENES<\/p>\n<p>VIDA \u00daTIL: 30.000 HORAS<\/p>\n<p>C\u00d3DIGO: 000607<\/p>\n<p>&nbsp;<\/p>\n","protected":false},"excerpt":{"rendered":"<p>AMPOLLETA LED CARACTER\u00cdSTICAS: APLICACI\u00d3N: AMPOLLETA LED 6 WATTS TIPO: LUZ FR\u00cdA \/ E27 MODELO. FILAMENTOS BULB LUMINOSIDAD: 550-600 L\u00daMENES VIDA \u00daTIL: 30.000 HORAS C\u00d3DIGO: 000607 &nbsp;<\/p>\n","protected":false},"featured_media":3681,"comment_status":"open","ping_status":"closed","template":"","meta":[],"_links":{"self":[{"href":"https:\/\/casabravo.cl\/index.php?rest_route=\/wp\/v2\/product\/3678"}],"collection":[{"href":"https:\/\/casabravo.cl\/index.php?rest_route=\/wp\/v2\/product"}],"about":[{"href":"https:\/\/casabravo.cl\/index.php?rest_route=\/wp\/v2\/types\/product"}],"replies":[{"embeddable":true,"href":"https:\/\/casabravo.cl\/index.php?rest_route=%2Fwp%2Fv2%2Fcomments&post=3678"}],"wp:featuredmedia":[{"embeddable":true,"href":"https:\/\/casabravo.cl\/index.php?rest_route=\/wp\/v2\/media\/3681"}],"wp:attachment":[{"href":"https:\/\/casabravo.cl\/index.php?rest_route=%2Fwp%2Fv2%2Fmedia&parent=3678"}],"curies":[{"name":"wp","href":"https:\/\/api.w.org\/{rel}","templated":true}]}}