{"id":3675,"date":"2019-01-18T20:53:42","date_gmt":"2019-01-18T20:53:42","guid":{"rendered":"http:\/\/casabravo.cl\/?post_type=product&#038;p=3675"},"modified":"2019-06-07T20:21:53","modified_gmt":"2019-06-07T20:21:53","slug":"ampolleta-led-8w-luz-fria-e27","status":"publish","type":"product","link":"https:\/\/casabravo.cl\/?product=ampolleta-led-8w-luz-fria-e27","title":{"rendered":"AMPOLLETA LED 8 WATTS FILAMENTOS LUZ FR\u00cdA"},"content":{"rendered":"<p>AMPOLLETA LED<\/p>\n<p><strong>CARACTER\u00cdSTICAS:<\/strong><\/p>\n<p>APLICACI\u00d3N: AMPOLLETA LED 8 WATTS<\/p>\n<p>TIPO: LUZ FR\u00cdA\u00a0 \/ E-27<\/p>\n<p>MODELO: FILAMENTOS BULB<\/p>\n<p>LUMINOSIDAD: 550 &#8211; 600 L\u00daMENES<\/p>\n<p>VIDA \u00daTIL: 30.000 HORAS<\/p>\n<p>C\u00d3DIGO: 000608<\/p>\n<p>&nbsp;<\/p>\n","protected":false},"excerpt":{"rendered":"<p>AMPOLLETA LED CARACTER\u00cdSTICAS: APLICACI\u00d3N: AMPOLLETA LED 8 WATTS TIPO: LUZ FR\u00cdA\u00a0 \/ E-27 MODELO: FILAMENTOS BULB LUMINOSIDAD: 550 &#8211; 600 L\u00daMENES VIDA \u00daTIL: 30.000 HORAS C\u00d3DIGO: 000608 &nbsp;<\/p>\n","protected":false},"featured_media":3679,"comment_status":"open","ping_status":"closed","template":"","meta":[],"_links":{"self":[{"href":"https:\/\/casabravo.cl\/index.php?rest_route=\/wp\/v2\/product\/3675"}],"collection":[{"href":"https:\/\/casabravo.cl\/index.php?rest_route=\/wp\/v2\/product"}],"about":[{"href":"https:\/\/casabravo.cl\/index.php?rest_route=\/wp\/v2\/types\/product"}],"replies":[{"embeddable":true,"href":"https:\/\/casabravo.cl\/index.php?rest_route=%2Fwp%2Fv2%2Fcomments&post=3675"}],"wp:featuredmedia":[{"embeddable":true,"href":"https:\/\/casabravo.cl\/index.php?rest_route=\/wp\/v2\/media\/3679"}],"wp:attachment":[{"href":"https:\/\/casabravo.cl\/index.php?rest_route=%2Fwp%2Fv2%2Fmedia&parent=3675"}],"curies":[{"name":"wp","href":"https:\/\/api.w.org\/{rel}","templated":true}]}}