{"id":3644,"date":"2019-01-18T15:10:06","date_gmt":"2019-01-18T15:10:06","guid":{"rendered":"http:\/\/casabravo.cl\/?post_type=product&#038;p=3644"},"modified":"2022-04-07T15:03:48","modified_gmt":"2022-04-07T15:03:48","slug":"3644","status":"publish","type":"product","link":"https:\/\/casabravo.cl\/?product=3644","title":{"rendered":"FOCO REFLECTOR LED 70 WATTS"},"content":{"rendered":"<p>FOCO REFLECTOR<\/p>\n<p><strong>CARACTER\u00cdSTICAS:<\/strong><\/p>\n<p>APLICACI\u00d3N: FOCO REFLECTOR 70 WATTS<\/p>\n<p>TIPO: LUZ FR\u00cdA (6000K) \/ ANTIVAND\u00c1LICO \/ IP66<\/p>\n<p>LUMINOSIDAD: 11.000 L\u00daMENES<\/p>\n<p>MARCA: POWERLED<\/p>\n<p>C\u00d3DIGO: 001486<\/p>\n","protected":false},"excerpt":{"rendered":"<p>FOCO REFLECTOR CARACTER\u00cdSTICAS: APLICACI\u00d3N: FOCO REFLECTOR 70 WATTS TIPO: LUZ FR\u00cdA (6000K) \/ ANTIVAND\u00c1LICO \/ IP66 LUMINOSIDAD: 11.000 L\u00daMENES MARCA: POWERLED C\u00d3DIGO: 001486<\/p>\n","protected":false},"featured_media":1504,"comment_status":"open","ping_status":"closed","template":"","meta":[],"_links":{"self":[{"href":"https:\/\/casabravo.cl\/index.php?rest_route=\/wp\/v2\/product\/3644"}],"collection":[{"href":"https:\/\/casabravo.cl\/index.php?rest_route=\/wp\/v2\/product"}],"about":[{"href":"https:\/\/casabravo.cl\/index.php?rest_route=\/wp\/v2\/types\/product"}],"replies":[{"embeddable":true,"href":"https:\/\/casabravo.cl\/index.php?rest_route=%2Fwp%2Fv2%2Fcomments&post=3644"}],"wp:featuredmedia":[{"embeddable":true,"href":"https:\/\/casabravo.cl\/index.php?rest_route=\/wp\/v2\/media\/1504"}],"wp:attachment":[{"href":"https:\/\/casabravo.cl\/index.php?rest_route=%2Fwp%2Fv2%2Fmedia&parent=3644"}],"curies":[{"name":"wp","href":"https:\/\/api.w.org\/{rel}","templated":true}]}}