{"id":3603,"date":"2019-01-17T20:23:45","date_gmt":"2019-01-17T20:23:45","guid":{"rendered":"http:\/\/casabravo.cl\/?post_type=product&#038;p=3603"},"modified":"2020-10-08T13:14:30","modified_gmt":"2020-10-08T13:14:30","slug":"microfono-usb-negro-pc","status":"publish","type":"product","link":"https:\/\/casabravo.cl\/?product=microfono-usb-negro-pc","title":{"rendered":"MICR\u00d3FONO USB PARA PC"},"content":{"rendered":"<p>MICR\u00d3FONO<\/p>\n<p><strong>CARACTER\u00cdSTICAS:<\/strong><\/p>\n<p>APLICACI\u00d3N: MICR\u00d3FONO PARA COMPUTADOR<\/p>\n<p>TIPO: ENTRADA USB<\/p>\n<p>MODELO: CON BASE<\/p>\n<p>COLOR: NEGRO<\/p>\n<p>C\u00d3DIGO: 000503<\/p>\n","protected":false},"excerpt":{"rendered":"<p>MICR\u00d3FONO CARACTER\u00cdSTICAS: APLICACI\u00d3N: MICR\u00d3FONO PARA COMPUTADOR TIPO: ENTRADA USB MODELO: CON BASE COLOR: NEGRO C\u00d3DIGO: 000503<\/p>\n","protected":false},"featured_media":3606,"comment_status":"open","ping_status":"closed","template":"","meta":[],"_links":{"self":[{"href":"https:\/\/casabravo.cl\/index.php?rest_route=\/wp\/v2\/product\/3603"}],"collection":[{"href":"https:\/\/casabravo.cl\/index.php?rest_route=\/wp\/v2\/product"}],"about":[{"href":"https:\/\/casabravo.cl\/index.php?rest_route=\/wp\/v2\/types\/product"}],"replies":[{"embeddable":true,"href":"https:\/\/casabravo.cl\/index.php?rest_route=%2Fwp%2Fv2%2Fcomments&post=3603"}],"wp:featuredmedia":[{"embeddable":true,"href":"https:\/\/casabravo.cl\/index.php?rest_route=\/wp\/v2\/media\/3606"}],"wp:attachment":[{"href":"https:\/\/casabravo.cl\/index.php?rest_route=%2Fwp%2Fv2%2Fmedia&parent=3603"}],"curies":[{"name":"wp","href":"https:\/\/api.w.org\/{rel}","templated":true}]}}