{"id":3571,"date":"2019-01-17T15:49:04","date_gmt":"2019-01-17T15:49:04","guid":{"rendered":"http:\/\/casabravo.cl\/?post_type=product&#038;p=3571"},"modified":"2025-07-30T20:15:31","modified_gmt":"2025-07-30T20:15:31","slug":"linterna-led-con-cargador-martillo-salvataje-y-cortante","status":"publish","type":"product","link":"https:\/\/casabravo.cl\/?product=linterna-led-con-cargador-martillo-salvataje-y-cortante","title":{"rendered":"LINTERNA LED MARTILLO SALVATAJE Y CORTANTE"},"content":{"rendered":"<p>LINTERNA<\/p>\n<p><strong>CARACTER\u00cdSTICAS:<\/strong><\/p>\n<p>APLICACI\u00d3N: LINTERNA LED MARTILLO SALVATAJE Y CORTANTE<\/p>\n<p>TIPO: CUERPO SE EXTIENDE PARA MOSTRAR L\u00c1MPARA COB, TAPA MAGN\u00c9TICA ADOSABLE<\/p>\n<p>MODOS: RAYOS DE LUZ\/ ALTA \/ BAJA \/ INTERMITENTE Y LUZ L\u00c1MPARA LATERAL COB<\/p>\n<p>LUMINOSIDAD: 1300 L\u00daMENES<\/p>\n<p>CONTIENE: MARTILLO ROMPE CRISTALES Y CORTANTE CINTUR\u00d3N SEGURIDAD +<\/p>\n<p>CAJA PVC + UNA BATER\u00cdA RECARGABLE<\/p>\n<p>FUNCI\u00d3N: CABLE USB CARGADOR<\/p>\n<p>C\u00d3DIGO: 054463<\/p>\n<p>&nbsp;<\/p>\n<p>&nbsp;<\/p>\n","protected":false},"excerpt":{"rendered":"<p>LINTERNA CARACTER\u00cdSTICAS: APLICACI\u00d3N: LINTERNA LED MARTILLO SALVATAJE Y CORTANTE TIPO: CUERPO SE EXTIENDE PARA MOSTRAR L\u00c1MPARA COB, TAPA MAGN\u00c9TICA ADOSABLE MODOS: RAYOS DE LUZ\/ ALTA \/ BAJA \/ INTERMITENTE Y LUZ L\u00c1MPARA LATERAL COB LUMINOSIDAD: 1300 L\u00daMENES CONTIENE: MARTILLO ROMPE CRISTALES Y CORTANTE CINTUR\u00d3N SEGURIDAD + CAJA PVC + UNA BATER\u00cdA RECARGABLE FUNCI\u00d3N: CABLE USB &hellip;<\/p>\n<p class=\"read-more\"> <a class=\"\" href=\"https:\/\/casabravo.cl\/?product=linterna-led-con-cargador-martillo-salvataje-y-cortante\"> <span class=\"screen-reader-text\">LINTERNA LED MARTILLO SALVATAJE Y CORTANTE<\/span> Leer m\u00e1s &raquo;<\/a><\/p>\n","protected":false},"featured_media":3575,"comment_status":"open","ping_status":"closed","template":"","meta":[],"_links":{"self":[{"href":"https:\/\/casabravo.cl\/index.php?rest_route=\/wp\/v2\/product\/3571"}],"collection":[{"href":"https:\/\/casabravo.cl\/index.php?rest_route=\/wp\/v2\/product"}],"about":[{"href":"https:\/\/casabravo.cl\/index.php?rest_route=\/wp\/v2\/types\/product"}],"replies":[{"embeddable":true,"href":"https:\/\/casabravo.cl\/index.php?rest_route=%2Fwp%2Fv2%2Fcomments&post=3571"}],"wp:featuredmedia":[{"embeddable":true,"href":"https:\/\/casabravo.cl\/index.php?rest_route=\/wp\/v2\/media\/3575"}],"wp:attachment":[{"href":"https:\/\/casabravo.cl\/index.php?rest_route=%2Fwp%2Fv2%2Fmedia&parent=3571"}],"curies":[{"name":"wp","href":"https:\/\/api.w.org\/{rel}","templated":true}]}}