{"id":3543,"date":"2019-01-17T13:36:55","date_gmt":"2019-01-17T13:36:55","guid":{"rendered":"http:\/\/casabravo.cl\/?post_type=product&#038;p=3543"},"modified":"2019-01-17T16:05:59","modified_gmt":"2019-01-17T16:05:59","slug":"audifono-disney-cars","status":"publish","type":"product","link":"https:\/\/casabravo.cl\/?product=audifono-disney-cars","title":{"rendered":"AUD\u00cdFONO DISNEY"},"content":{"rendered":"<p>AUD\u00cdFONO<\/p>\n<p><strong>CARACTER\u00cdSTICAS:<\/strong><\/p>\n<p>APLICACI\u00d3N: AUD\u00cdFONO<\/p>\n<p>TIPO: SOBREPUESTO,\u00a0AJUSTE AL O\u00cdDO Y ALTA ATENUACI\u00d3N DE RUIDO AMBIENTAL<\/p>\n<p>IDEAL PARA MP3, CD, DVD, IPOD, IPHONE Y VIDEOJUEGOS<\/p>\n<p>DISE\u00d1O: CARS<\/p>\n<p>LARGO: 1.0 METRO<\/p>\n<p>MARCA: DISNEY<\/p>\n<p>C\u00d3DIGO: 000144<\/p>\n","protected":false},"excerpt":{"rendered":"<p>AUD\u00cdFONO CARACTER\u00cdSTICAS: APLICACI\u00d3N: AUD\u00cdFONO TIPO: SOBREPUESTO,\u00a0AJUSTE AL O\u00cdDO Y ALTA ATENUACI\u00d3N DE RUIDO AMBIENTAL IDEAL PARA MP3, CD, DVD, IPOD, IPHONE Y VIDEOJUEGOS DISE\u00d1O: CARS LARGO: 1.0 METRO MARCA: DISNEY C\u00d3DIGO: 000144<\/p>\n","protected":false},"featured_media":3546,"comment_status":"open","ping_status":"closed","template":"","meta":[],"_links":{"self":[{"href":"https:\/\/casabravo.cl\/index.php?rest_route=\/wp\/v2\/product\/3543"}],"collection":[{"href":"https:\/\/casabravo.cl\/index.php?rest_route=\/wp\/v2\/product"}],"about":[{"href":"https:\/\/casabravo.cl\/index.php?rest_route=\/wp\/v2\/types\/product"}],"replies":[{"embeddable":true,"href":"https:\/\/casabravo.cl\/index.php?rest_route=%2Fwp%2Fv2%2Fcomments&post=3543"}],"wp:featuredmedia":[{"embeddable":true,"href":"https:\/\/casabravo.cl\/index.php?rest_route=\/wp\/v2\/media\/3546"}],"wp:attachment":[{"href":"https:\/\/casabravo.cl\/index.php?rest_route=%2Fwp%2Fv2%2Fmedia&parent=3543"}],"curies":[{"name":"wp","href":"https:\/\/api.w.org\/{rel}","templated":true}]}}