{"id":3541,"date":"2019-01-17T12:52:56","date_gmt":"2019-01-17T12:52:56","guid":{"rendered":"http:\/\/casabravo.cl\/?post_type=product&#038;p=3541"},"modified":"2019-01-17T15:43:08","modified_gmt":"2019-01-17T15:43:08","slug":"linterna-led-basica-18-lumines-con-2-pilas-aa","status":"publish","type":"product","link":"https:\/\/casabravo.cl\/?product=linterna-led-basica-18-lumines-con-2-pilas-aa","title":{"rendered":"LINTERNA LED B\u00c1SICA"},"content":{"rendered":"<p>LINTERNA<\/p>\n<p><strong>CARACTER\u00cdSTICAS:<\/strong><\/p>\n<p>APLICACI\u00d3N: LINTERNA LED<\/p>\n<p>TIPO:\u00a0B\u00c1SICA<\/p>\n<p>LUMINOSIDAD: 18 L\u00daMENES &#8211; 24 METROS<\/p>\n<p>INCLUYE: 2 PILAS AA<\/p>\n<p>MARCA: ENERGIZER<\/p>\n<p>C\u00d3DIGO: 001790<\/p>\n","protected":false},"excerpt":{"rendered":"<p>LINTERNA CARACTER\u00cdSTICAS: APLICACI\u00d3N: LINTERNA LED TIPO:\u00a0B\u00c1SICA LUMINOSIDAD: 18 L\u00daMENES &#8211; 24 METROS INCLUYE: 2 PILAS AA MARCA: ENERGIZER C\u00d3DIGO: 001790<\/p>\n","protected":false},"featured_media":3542,"comment_status":"open","ping_status":"closed","template":"","meta":[],"_links":{"self":[{"href":"https:\/\/casabravo.cl\/index.php?rest_route=\/wp\/v2\/product\/3541"}],"collection":[{"href":"https:\/\/casabravo.cl\/index.php?rest_route=\/wp\/v2\/product"}],"about":[{"href":"https:\/\/casabravo.cl\/index.php?rest_route=\/wp\/v2\/types\/product"}],"replies":[{"embeddable":true,"href":"https:\/\/casabravo.cl\/index.php?rest_route=%2Fwp%2Fv2%2Fcomments&post=3541"}],"wp:featuredmedia":[{"embeddable":true,"href":"https:\/\/casabravo.cl\/index.php?rest_route=\/wp\/v2\/media\/3542"}],"wp:attachment":[{"href":"https:\/\/casabravo.cl\/index.php?rest_route=%2Fwp%2Fv2%2Fmedia&parent=3541"}],"curies":[{"name":"wp","href":"https:\/\/api.w.org\/{rel}","templated":true}]}}