{"id":3539,"date":"2019-01-17T12:45:45","date_gmt":"2019-01-17T12:45:45","guid":{"rendered":"http:\/\/casabravo.cl\/?post_type=product&#038;p=3539"},"modified":"2020-08-20T16:17:11","modified_gmt":"2020-08-20T16:17:11","slug":"lampara-de-area-led-luz-de-toque-50ml","status":"publish","type":"product","link":"https:\/\/casabravo.cl\/?product=lampara-de-area-led-luz-de-toque-50ml","title":{"rendered":"LAMPARA DE \u00c1REA LED LUZ DE TOQUE"},"content":{"rendered":"<p>L\u00c1MPARA<\/p>\n<p><strong>CARACTER\u00cdSTICAS:<\/strong><\/p>\n<p>APLICACI\u00d3N: L\u00c1MPARA DE \u00c1REA LED<\/p>\n<p>TIPO: LUZ DE TOQUE BASE MAGN\u00c9TICA<\/p>\n<p>LUMINOSIDAD: 50 L\u00daMENES<\/p>\n<p>DISTANCIA: 3.0 METROS<\/p>\n<p>INCLUYE: 3 PILAS AAA<\/p>\n<p>MARCA: ENERGIZER<\/p>\n<p>C\u00d3DIGO: 001035<\/p>\n","protected":false},"excerpt":{"rendered":"<p>L\u00c1MPARA CARACTER\u00cdSTICAS: APLICACI\u00d3N: L\u00c1MPARA DE \u00c1REA LED TIPO: LUZ DE TOQUE BASE MAGN\u00c9TICA LUMINOSIDAD: 50 L\u00daMENES DISTANCIA: 3.0 METROS INCLUYE: 3 PILAS AAA MARCA: ENERGIZER C\u00d3DIGO: 001035<\/p>\n","protected":false},"featured_media":3540,"comment_status":"open","ping_status":"closed","template":"","meta":[],"_links":{"self":[{"href":"https:\/\/casabravo.cl\/index.php?rest_route=\/wp\/v2\/product\/3539"}],"collection":[{"href":"https:\/\/casabravo.cl\/index.php?rest_route=\/wp\/v2\/product"}],"about":[{"href":"https:\/\/casabravo.cl\/index.php?rest_route=\/wp\/v2\/types\/product"}],"replies":[{"embeddable":true,"href":"https:\/\/casabravo.cl\/index.php?rest_route=%2Fwp%2Fv2%2Fcomments&post=3539"}],"wp:featuredmedia":[{"embeddable":true,"href":"https:\/\/casabravo.cl\/index.php?rest_route=\/wp\/v2\/media\/3540"}],"wp:attachment":[{"href":"https:\/\/casabravo.cl\/index.php?rest_route=%2Fwp%2Fv2%2Fmedia&parent=3539"}],"curies":[{"name":"wp","href":"https:\/\/api.w.org\/{rel}","templated":true}]}}