{"id":3519,"date":"2019-01-16T20:33:21","date_gmt":"2019-01-16T20:33:21","guid":{"rendered":"http:\/\/casabravo.cl\/?post_type=product&#038;p=3519"},"modified":"2019-01-17T14:50:12","modified_gmt":"2019-01-17T14:50:12","slug":"linterna-led-3w-aluminio-150-lm-100-metros-sin-pilas","status":"publish","type":"product","link":"https:\/\/casabravo.cl\/?product=linterna-led-3w-aluminio-150-lm-100-metros-sin-pilas","title":{"rendered":"LINTERNA LED 3W ALUMINIO\/PL\u00c1STICO"},"content":{"rendered":"<p>LINTERNA<\/p>\n<p><strong>CARACTER\u00cdSTICAS:<\/strong><\/p>\n<p>APLICACI\u00d3N: LINTERNA LED 3 WATTS<\/p>\n<p>TIPO: ALUMINIO Y PL\u00c1STICO 3 PILAS AAA NO INCLU\u00cdDAS<\/p>\n<p>LUMINOSIDAD: 150 L\u00daMENES<\/p>\n<p>ALCANCE: 100 METROS<\/p>\n<p>FUNCIONES: 3 FUNCIONES,\u00a0100% \/ 50% \/ FLASH \/ FUNCI\u00d3N DE ZOOM EN EL FOCO<\/p>\n<p>ZOOM: LUZ ALTA Y BAJA E INTERMITENTE<\/p>\n<p>CARACTER\u00cdSTICAS: 16 CMS. DE LARGO, DI\u00c1METRO 3.4 CMS., PESO 128 GRS.<\/p>\n<p>C\u00d3DIGO: 001395<\/p>\n<p>&nbsp;<\/p>\n","protected":false},"excerpt":{"rendered":"<p>LINTERNA CARACTER\u00cdSTICAS: APLICACI\u00d3N: LINTERNA LED 3 WATTS TIPO: ALUMINIO Y PL\u00c1STICO 3 PILAS AAA NO INCLU\u00cdDAS LUMINOSIDAD: 150 L\u00daMENES ALCANCE: 100 METROS FUNCIONES: 3 FUNCIONES,\u00a0100% \/ 50% \/ FLASH \/ FUNCI\u00d3N DE ZOOM EN EL FOCO ZOOM: LUZ ALTA Y BAJA E INTERMITENTE CARACTER\u00cdSTICAS: 16 CMS. DE LARGO, DI\u00c1METRO 3.4 CMS., PESO 128 GRS. C\u00d3DIGO: &hellip;<\/p>\n<p class=\"read-more\"> <a class=\"\" href=\"https:\/\/casabravo.cl\/?product=linterna-led-3w-aluminio-150-lm-100-metros-sin-pilas\"> <span class=\"screen-reader-text\">LINTERNA LED 3W ALUMINIO\/PL\u00c1STICO<\/span> Leer m\u00e1s &raquo;<\/a><\/p>\n","protected":false},"featured_media":3529,"comment_status":"open","ping_status":"closed","template":"","meta":[],"_links":{"self":[{"href":"https:\/\/casabravo.cl\/index.php?rest_route=\/wp\/v2\/product\/3519"}],"collection":[{"href":"https:\/\/casabravo.cl\/index.php?rest_route=\/wp\/v2\/product"}],"about":[{"href":"https:\/\/casabravo.cl\/index.php?rest_route=\/wp\/v2\/types\/product"}],"replies":[{"embeddable":true,"href":"https:\/\/casabravo.cl\/index.php?rest_route=%2Fwp%2Fv2%2Fcomments&post=3519"}],"wp:featuredmedia":[{"embeddable":true,"href":"https:\/\/casabravo.cl\/index.php?rest_route=\/wp\/v2\/media\/3529"}],"wp:attachment":[{"href":"https:\/\/casabravo.cl\/index.php?rest_route=%2Fwp%2Fv2%2Fmedia&parent=3519"}],"curies":[{"name":"wp","href":"https:\/\/api.w.org\/{rel}","templated":true}]}}