{"id":3510,"date":"2019-01-16T19:45:57","date_gmt":"2019-01-16T19:45:57","guid":{"rendered":"http:\/\/casabravo.cl\/?post_type=product&#038;p=3510"},"modified":"2019-03-06T19:07:21","modified_gmt":"2019-03-06T19:07:21","slug":"foco-led-100w-luz-fria-ip65-10-000-hrs","status":"publish","type":"product","link":"https:\/\/casabravo.cl\/?product=foco-led-100w-luz-fria-ip65-10-000-hrs","title":{"rendered":"PROYECTOR DE \u00c1REA LED 100 WATTS"},"content":{"rendered":"<p>FOCO LED<\/p>\n<p><strong>CARACTER\u00cdSTICAS:<\/strong><\/p>\n<p>APLICACI\u00d3N: PROYECTOR DE \u00c1REA\u00a0CON DRIVER F\u00cdSICO 100W<\/p>\n<p>TIPO: EXTERIOR &#8211; NORMA IP65 &#8211; COBERTURA 120\u00ba<\/p>\n<p>COLOR: BLANCO FR\u00cdO (6500K)<\/p>\n<p>LUMINOSIDAD: 9.000 L\u00daMENES<\/p>\n<p>VIDA \u00daTIL: 25.000 HORAS<\/p>\n<p>C\u00d3DIGO: 001452<\/p>\n<p>&nbsp;<\/p>\n","protected":false},"excerpt":{"rendered":"<p>FOCO LED CARACTER\u00cdSTICAS: APLICACI\u00d3N: PROYECTOR DE \u00c1REA\u00a0CON DRIVER F\u00cdSICO 100W TIPO: EXTERIOR &#8211; NORMA IP65 &#8211; COBERTURA 120\u00ba COLOR: BLANCO FR\u00cdO (6500K) LUMINOSIDAD: 9.000 L\u00daMENES VIDA \u00daTIL: 25.000 HORAS C\u00d3DIGO: 001452 &nbsp;<\/p>\n","protected":false},"featured_media":3881,"comment_status":"open","ping_status":"closed","template":"","meta":[],"_links":{"self":[{"href":"https:\/\/casabravo.cl\/index.php?rest_route=\/wp\/v2\/product\/3510"}],"collection":[{"href":"https:\/\/casabravo.cl\/index.php?rest_route=\/wp\/v2\/product"}],"about":[{"href":"https:\/\/casabravo.cl\/index.php?rest_route=\/wp\/v2\/types\/product"}],"replies":[{"embeddable":true,"href":"https:\/\/casabravo.cl\/index.php?rest_route=%2Fwp%2Fv2%2Fcomments&post=3510"}],"wp:featuredmedia":[{"embeddable":true,"href":"https:\/\/casabravo.cl\/index.php?rest_route=\/wp\/v2\/media\/3881"}],"wp:attachment":[{"href":"https:\/\/casabravo.cl\/index.php?rest_route=%2Fwp%2Fv2%2Fmedia&parent=3510"}],"curies":[{"name":"wp","href":"https:\/\/api.w.org\/{rel}","templated":true}]}}