{"id":3440,"date":"2019-01-14T12:53:43","date_gmt":"2019-01-14T12:53:43","guid":{"rendered":"http:\/\/casabravo.cl\/?post_type=product&#038;p=3440"},"modified":"2025-12-02T15:19:18","modified_gmt":"2025-12-02T15:19:18","slug":"conector-dc-hembra-a-la-fuente","status":"publish","type":"product","link":"https:\/\/casabravo.cl\/?product=conector-dc-hembra-a-la-fuente","title":{"rendered":"CONECTOR DC HEMBRA (A LA FUENTE)"},"content":{"rendered":"<p>CONECTOR<\/p>\n<p><strong>CARACTER\u00cdSTICAS:<\/strong><\/p>\n<p>APLICACI\u00d3N: C\u00c1MARA DE SEGURIDAD<\/p>\n<p>TIPO: CONECTOR DC HEMBRA<\/p>\n<p>C\u00d3DIGO: 000017<\/p>\n","protected":false},"excerpt":{"rendered":"<p>CONECTOR CARACTER\u00cdSTICAS: APLICACI\u00d3N: C\u00c1MARA DE SEGURIDAD TIPO: CONECTOR DC HEMBRA C\u00d3DIGO: 000017<\/p>\n","protected":false},"featured_media":3441,"comment_status":"open","ping_status":"closed","template":"","meta":[],"_links":{"self":[{"href":"https:\/\/casabravo.cl\/index.php?rest_route=\/wp\/v2\/product\/3440"}],"collection":[{"href":"https:\/\/casabravo.cl\/index.php?rest_route=\/wp\/v2\/product"}],"about":[{"href":"https:\/\/casabravo.cl\/index.php?rest_route=\/wp\/v2\/types\/product"}],"replies":[{"embeddable":true,"href":"https:\/\/casabravo.cl\/index.php?rest_route=%2Fwp%2Fv2%2Fcomments&post=3440"}],"wp:featuredmedia":[{"embeddable":true,"href":"https:\/\/casabravo.cl\/index.php?rest_route=\/wp\/v2\/media\/3441"}],"wp:attachment":[{"href":"https:\/\/casabravo.cl\/index.php?rest_route=%2Fwp%2Fv2%2Fmedia&parent=3440"}],"curies":[{"name":"wp","href":"https:\/\/api.w.org\/{rel}","templated":true}]}}