{"id":3425,"date":"2019-01-11T20:25:28","date_gmt":"2019-01-11T20:25:28","guid":{"rendered":"http:\/\/casabravo.cl\/?post_type=product&#038;p=3425"},"modified":"2019-01-14T20:43:12","modified_gmt":"2019-01-14T20:43:12","slug":"pilas-23a-para-alarma-de-auto-12v","status":"publish","type":"product","link":"https:\/\/casabravo.cl\/?product=pilas-23a-para-alarma-de-auto-12v","title":{"rendered":"PILA 23A 12V"},"content":{"rendered":"<p>PILA<\/p>\n<p><strong>CARACTER\u00cdSTICAS:<\/strong><\/p>\n<p>APLICACI\u00d3N: ALARMA DE AUTO<\/p>\n<p>TIPO: 23A<\/p>\n<p>VOLTAJE: 12V<\/p>\n<p>C\u00d3DIGO: 000679<\/p>\n<p>&nbsp;<\/p>\n","protected":false},"excerpt":{"rendered":"<p>PILA CARACTER\u00cdSTICAS: APLICACI\u00d3N: ALARMA DE AUTO TIPO: 23A VOLTAJE: 12V C\u00d3DIGO: 000679 &nbsp;<\/p>\n","protected":false},"featured_media":3428,"comment_status":"open","ping_status":"closed","template":"","meta":[],"_links":{"self":[{"href":"https:\/\/casabravo.cl\/index.php?rest_route=\/wp\/v2\/product\/3425"}],"collection":[{"href":"https:\/\/casabravo.cl\/index.php?rest_route=\/wp\/v2\/product"}],"about":[{"href":"https:\/\/casabravo.cl\/index.php?rest_route=\/wp\/v2\/types\/product"}],"replies":[{"embeddable":true,"href":"https:\/\/casabravo.cl\/index.php?rest_route=%2Fwp%2Fv2%2Fcomments&post=3425"}],"wp:featuredmedia":[{"embeddable":true,"href":"https:\/\/casabravo.cl\/index.php?rest_route=\/wp\/v2\/media\/3428"}],"wp:attachment":[{"href":"https:\/\/casabravo.cl\/index.php?rest_route=%2Fwp%2Fv2%2Fmedia&parent=3425"}],"curies":[{"name":"wp","href":"https:\/\/api.w.org\/{rel}","templated":true}]}}