{"id":3419,"date":"2019-01-11T20:21:01","date_gmt":"2019-01-11T20:21:01","guid":{"rendered":"http:\/\/casabravo.cl\/?post_type=product&#038;p=3419"},"modified":"2019-01-14T21:05:36","modified_gmt":"2019-01-14T21:05:36","slug":"pack-6-pilas-aaa-rayovac-alcalina-1-5v","status":"publish","type":"product","link":"https:\/\/casabravo.cl\/?product=pack-6-pilas-aaa-rayovac-alcalina-1-5v","title":{"rendered":"PACK 6 PILAS AAA ALCALINA"},"content":{"rendered":"<p>PACK<\/p>\n<p><strong>CARACTER\u00cdSTICAS:<\/strong><\/p>\n<p>APLICACI\u00d3N: PILA AAA<\/p>\n<p>TIPO: ALCALINA<\/p>\n<p>CONTIENE: PACK 6 PILAS<\/p>\n<p>VOLTAJE: 1.5V<\/p>\n<p>MARCA: RAYOVAC<\/p>\n<p>C\u00d3DIGO: 001112<\/p>\n","protected":false},"excerpt":{"rendered":"<p>PACK CARACTER\u00cdSTICAS: APLICACI\u00d3N: PILA AAA TIPO: ALCALINA CONTIENE: PACK 6 PILAS VOLTAJE: 1.5V MARCA: RAYOVAC C\u00d3DIGO: 001112<\/p>\n","protected":false},"featured_media":3424,"comment_status":"open","ping_status":"closed","template":"","meta":[],"_links":{"self":[{"href":"https:\/\/casabravo.cl\/index.php?rest_route=\/wp\/v2\/product\/3419"}],"collection":[{"href":"https:\/\/casabravo.cl\/index.php?rest_route=\/wp\/v2\/product"}],"about":[{"href":"https:\/\/casabravo.cl\/index.php?rest_route=\/wp\/v2\/types\/product"}],"replies":[{"embeddable":true,"href":"https:\/\/casabravo.cl\/index.php?rest_route=%2Fwp%2Fv2%2Fcomments&post=3419"}],"wp:featuredmedia":[{"embeddable":true,"href":"https:\/\/casabravo.cl\/index.php?rest_route=\/wp\/v2\/media\/3424"}],"wp:attachment":[{"href":"https:\/\/casabravo.cl\/index.php?rest_route=%2Fwp%2Fv2%2Fmedia&parent=3419"}],"curies":[{"name":"wp","href":"https:\/\/api.w.org\/{rel}","templated":true}]}}