{"id":3410,"date":"2019-01-11T20:11:51","date_gmt":"2019-01-11T20:11:51","guid":{"rendered":"http:\/\/casabravo.cl\/?post_type=product&#038;p=3410"},"modified":"2019-01-14T21:02:48","modified_gmt":"2019-01-14T21:02:48","slug":"bateria-carbon-9v-para-microfonos-y-otros","status":"publish","type":"product","link":"https:\/\/casabravo.cl\/?product=bateria-carbon-9v-para-microfonos-y-otros","title":{"rendered":"BATER\u00cdA CARB\u00d3N 9V"},"content":{"rendered":"<p>BATER\u00cdA<\/p>\n<p><strong>CARACTER\u00cdSTICAS:<\/strong><\/p>\n<p>APLICACI\u00d3N: BATER\u00cdA\u00a0PARA MICR\u00d3FONOS Y OTROS<\/p>\n<p>TIPO: CARB\u00d3N<\/p>\n<p>VOLTAJE:\u00a09V<\/p>\n<p>C\u00d3DIGO: 000193<\/p>\n<p>&nbsp;<\/p>\n","protected":false},"excerpt":{"rendered":"<p>BATER\u00cdA CARACTER\u00cdSTICAS: APLICACI\u00d3N: BATER\u00cdA\u00a0PARA MICR\u00d3FONOS Y OTROS TIPO: CARB\u00d3N VOLTAJE:\u00a09V C\u00d3DIGO: 000193 &nbsp;<\/p>\n","protected":false},"featured_media":3417,"comment_status":"open","ping_status":"closed","template":"","meta":[],"_links":{"self":[{"href":"https:\/\/casabravo.cl\/index.php?rest_route=\/wp\/v2\/product\/3410"}],"collection":[{"href":"https:\/\/casabravo.cl\/index.php?rest_route=\/wp\/v2\/product"}],"about":[{"href":"https:\/\/casabravo.cl\/index.php?rest_route=\/wp\/v2\/types\/product"}],"replies":[{"embeddable":true,"href":"https:\/\/casabravo.cl\/index.php?rest_route=%2Fwp%2Fv2%2Fcomments&post=3410"}],"wp:featuredmedia":[{"embeddable":true,"href":"https:\/\/casabravo.cl\/index.php?rest_route=\/wp\/v2\/media\/3417"}],"wp:attachment":[{"href":"https:\/\/casabravo.cl\/index.php?rest_route=%2Fwp%2Fv2%2Fmedia&parent=3410"}],"curies":[{"name":"wp","href":"https:\/\/api.w.org\/{rel}","templated":true}]}}