{"id":3399,"date":"2019-01-11T19:38:33","date_gmt":"2019-01-11T19:38:33","guid":{"rendered":"http:\/\/casabravo.cl\/?post_type=product&#038;p=3399"},"modified":"2025-01-30T21:40:34","modified_gmt":"2025-01-30T21:40:34","slug":"llavero-led-metalico-usa-2-pilas-2032","status":"publish","type":"product","link":"https:\/\/casabravo.cl\/?product=llavero-led-metalico-usa-2-pilas-2032","title":{"rendered":"LLAVERO LED METALICO USA 2 PILAS 2032"},"content":{"rendered":"<p>&nbsp;<\/p>\n<p><strong>CARACTERISTICAS:<\/strong><\/p>\n<p>APLICACI\u00d3N: LLAVERO LED<\/p>\n<p>TIPO: MET\u00c1LICO USA 2 PILAS 2032<\/p>\n<p>MARCA: ENERGIZER<\/p>\n<p>C\u00d3DIGO: 001036<\/p>\n<p>&nbsp;<\/p>\n","protected":false},"excerpt":{"rendered":"<p>&nbsp; CARACTERISTICAS: APLICACI\u00d3N: LLAVERO LED TIPO: MET\u00c1LICO USA 2 PILAS 2032 MARCA: ENERGIZER C\u00d3DIGO: 001036 &nbsp;<\/p>\n","protected":false},"featured_media":0,"comment_status":"open","ping_status":"closed","template":"","meta":[],"_links":{"self":[{"href":"https:\/\/casabravo.cl\/index.php?rest_route=\/wp\/v2\/product\/3399"}],"collection":[{"href":"https:\/\/casabravo.cl\/index.php?rest_route=\/wp\/v2\/product"}],"about":[{"href":"https:\/\/casabravo.cl\/index.php?rest_route=\/wp\/v2\/types\/product"}],"replies":[{"embeddable":true,"href":"https:\/\/casabravo.cl\/index.php?rest_route=%2Fwp%2Fv2%2Fcomments&post=3399"}],"wp:attachment":[{"href":"https:\/\/casabravo.cl\/index.php?rest_route=%2Fwp%2Fv2%2Fmedia&parent=3399"}],"curies":[{"name":"wp","href":"https:\/\/api.w.org\/{rel}","templated":true}]}}