{"id":3387,"date":"2019-01-11T15:36:53","date_gmt":"2019-01-11T15:36:53","guid":{"rendered":"http:\/\/casabravo.cl\/?post_type=product&#038;p=3387"},"modified":"2019-01-11T19:17:06","modified_gmt":"2019-01-11T19:17:06","slug":"soporte-tablet-p-auto-tablet-ipad-gps-dvd-tv","status":"publish","type":"product","link":"https:\/\/casabravo.cl\/?product=soporte-tablet-p-auto-tablet-ipad-gps-dvd-tv","title":{"rendered":"SOPORTE AUTOM\u00d3VIL"},"content":{"rendered":"<p>SOPORTE<\/p>\n<p><strong>CARACTER\u00cdSTICAS:<\/strong><\/p>\n<p>APLICACI\u00d3N: SOPORTE PARA AUTOM\u00d3VIL<\/p>\n<p>TIPO: CHUP\u00d3N Y M\u00d3VIL<\/p>\n<p>USO:\u00a0 TABLET\/IPAD\/GPS\/DVD\/TV<\/p>\n<p>C\u00d3DIGO: 000672<\/p>\n<p>&nbsp;<\/p>\n","protected":false},"excerpt":{"rendered":"<p>SOPORTE CARACTER\u00cdSTICAS: APLICACI\u00d3N: SOPORTE PARA AUTOM\u00d3VIL TIPO: CHUP\u00d3N Y M\u00d3VIL USO:\u00a0 TABLET\/IPAD\/GPS\/DVD\/TV C\u00d3DIGO: 000672 &nbsp;<\/p>\n","protected":false},"featured_media":0,"comment_status":"open","ping_status":"closed","template":"","meta":[],"_links":{"self":[{"href":"https:\/\/casabravo.cl\/index.php?rest_route=\/wp\/v2\/product\/3387"}],"collection":[{"href":"https:\/\/casabravo.cl\/index.php?rest_route=\/wp\/v2\/product"}],"about":[{"href":"https:\/\/casabravo.cl\/index.php?rest_route=\/wp\/v2\/types\/product"}],"replies":[{"embeddable":true,"href":"https:\/\/casabravo.cl\/index.php?rest_route=%2Fwp%2Fv2%2Fcomments&post=3387"}],"wp:attachment":[{"href":"https:\/\/casabravo.cl\/index.php?rest_route=%2Fwp%2Fv2%2Fmedia&parent=3387"}],"curies":[{"name":"wp","href":"https:\/\/api.w.org\/{rel}","templated":true}]}}