{"id":3368,"date":"2019-01-11T13:55:11","date_gmt":"2019-01-11T13:55:11","guid":{"rendered":"http:\/\/casabravo.cl\/?post_type=product&#038;p=3368"},"modified":"2023-04-11T22:16:41","modified_gmt":"2023-04-11T22:16:41","slug":"ampolleta-led-edison-40w-e27-bulb-luz-calida-t30x300-64ak","status":"publish","type":"product","link":"https:\/\/casabravo.cl\/?product=ampolleta-led-edison-40w-e27-bulb-luz-calida-t30x300-64ak","title":{"rendered":"AMPOLLETA LED EDISON 40W LUZ C\u00c1LIDA"},"content":{"rendered":"<p>AMPOLLETA<\/p>\n<p><strong>CARACTER\u00cdSTICAS:<\/strong><\/p>\n<p>APLICACI\u00d3N: AMPOLLETA LED DECORATIVA<\/p>\n<p>TIPO: LUZ C\u00c1LIDA<\/p>\n<p>MODELO. BULB EDISON (PEQUE\u00d1A)<\/p>\n<p>ENTRADA: E 27<\/p>\n<p>POTENCIA: 40 WATTS<\/p>\n<p>C\u00d3DIGO: 001475<\/p>\n<p>&nbsp;<\/p>\n","protected":false},"excerpt":{"rendered":"<p>AMPOLLETA CARACTER\u00cdSTICAS: APLICACI\u00d3N: AMPOLLETA LED DECORATIVA TIPO: LUZ C\u00c1LIDA MODELO. BULB EDISON (PEQUE\u00d1A) ENTRADA: E 27 POTENCIA: 40 WATTS C\u00d3DIGO: 001475 &nbsp;<\/p>\n","protected":false},"featured_media":3382,"comment_status":"open","ping_status":"closed","template":"","meta":[],"_links":{"self":[{"href":"https:\/\/casabravo.cl\/index.php?rest_route=\/wp\/v2\/product\/3368"}],"collection":[{"href":"https:\/\/casabravo.cl\/index.php?rest_route=\/wp\/v2\/product"}],"about":[{"href":"https:\/\/casabravo.cl\/index.php?rest_route=\/wp\/v2\/types\/product"}],"replies":[{"embeddable":true,"href":"https:\/\/casabravo.cl\/index.php?rest_route=%2Fwp%2Fv2%2Fcomments&post=3368"}],"wp:featuredmedia":[{"embeddable":true,"href":"https:\/\/casabravo.cl\/index.php?rest_route=\/wp\/v2\/media\/3382"}],"wp:attachment":[{"href":"https:\/\/casabravo.cl\/index.php?rest_route=%2Fwp%2Fv2%2Fmedia&parent=3368"}],"curies":[{"name":"wp","href":"https:\/\/api.w.org\/{rel}","templated":true}]}}