{"id":3367,"date":"2019-01-11T13:47:52","date_gmt":"2019-01-11T13:47:52","guid":{"rendered":"http:\/\/casabravo.cl\/?post_type=product&#038;p=3367"},"modified":"2021-12-03T14:25:24","modified_gmt":"2021-12-03T14:25:24","slug":"ampolleta-led-edison-40w","status":"publish","type":"product","link":"https:\/\/casabravo.cl\/?product=ampolleta-led-edison-40w","title":{"rendered":"AMPOLLETA LED EDISON 40W LUZ C\u00c1LIDA"},"content":{"rendered":"<p>AMPOLLETA<\/p>\n<p><strong>CARACTER\u00cdSTICAS:<\/strong><\/p>\n<p>APLICACI\u00d3N: AMPOLLETA LED DECORATIVA<\/p>\n<p>TIPO: LUZ C\u00c1LIDA<\/p>\n<p>MODELO:\u00a0BULB\u00a0EDISON<\/p>\n<p>POTENCIA: 40 WATTS<\/p>\n<p>C\u00d3DIGO: 001476<\/p>\n<p>&nbsp;<\/p>\n<p>&nbsp;<\/p>\n","protected":false},"excerpt":{"rendered":"<p>AMPOLLETA CARACTER\u00cdSTICAS: APLICACI\u00d3N: AMPOLLETA LED DECORATIVA TIPO: LUZ C\u00c1LIDA MODELO:\u00a0BULB\u00a0EDISON POTENCIA: 40 WATTS C\u00d3DIGO: 001476 &nbsp; &nbsp;<\/p>\n","protected":false},"featured_media":3377,"comment_status":"open","ping_status":"closed","template":"","meta":[],"_links":{"self":[{"href":"https:\/\/casabravo.cl\/index.php?rest_route=\/wp\/v2\/product\/3367"}],"collection":[{"href":"https:\/\/casabravo.cl\/index.php?rest_route=\/wp\/v2\/product"}],"about":[{"href":"https:\/\/casabravo.cl\/index.php?rest_route=\/wp\/v2\/types\/product"}],"replies":[{"embeddable":true,"href":"https:\/\/casabravo.cl\/index.php?rest_route=%2Fwp%2Fv2%2Fcomments&post=3367"}],"wp:featuredmedia":[{"embeddable":true,"href":"https:\/\/casabravo.cl\/index.php?rest_route=\/wp\/v2\/media\/3377"}],"wp:attachment":[{"href":"https:\/\/casabravo.cl\/index.php?rest_route=%2Fwp%2Fv2%2Fmedia&parent=3367"}],"curies":[{"name":"wp","href":"https:\/\/api.w.org\/{rel}","templated":true}]}}