{"id":3318,"date":"2019-01-10T15:34:31","date_gmt":"2019-01-10T15:34:31","guid":{"rendered":"http:\/\/casabravo.cl\/?post_type=product&#038;p=3318"},"modified":"2019-01-10T18:49:35","modified_gmt":"2019-01-10T18:49:35","slug":"lampara-14-led-usb-20-para-notebook-flexible","status":"publish","type":"product","link":"https:\/\/casabravo.cl\/?product=lampara-14-led-usb-20-para-notebook-flexible","title":{"rendered":"LAMPARA FLEXIBLE USB  2,0"},"content":{"rendered":"<p>LAMPARA\u00a0 LED<\/p>\n<p><strong>CARACTER\u00cdSTICAS:<\/strong><\/p>\n<p>APLICACI\u00d3N: L\u00c1MPARA USB 2.0 PARA NOTEBOOK<\/p>\n<p>TIPO: FLEXIBLE 14 LED<\/p>\n<p>C\u00d3DIGO: 001358<\/p>\n<p>&nbsp;<\/p>\n","protected":false},"excerpt":{"rendered":"<p>LAMPARA\u00a0 LED CARACTER\u00cdSTICAS: APLICACI\u00d3N: L\u00c1MPARA USB 2.0 PARA NOTEBOOK TIPO: FLEXIBLE 14 LED C\u00d3DIGO: 001358 &nbsp;<\/p>\n","protected":false},"featured_media":3319,"comment_status":"open","ping_status":"closed","template":"","meta":[],"_links":{"self":[{"href":"https:\/\/casabravo.cl\/index.php?rest_route=\/wp\/v2\/product\/3318"}],"collection":[{"href":"https:\/\/casabravo.cl\/index.php?rest_route=\/wp\/v2\/product"}],"about":[{"href":"https:\/\/casabravo.cl\/index.php?rest_route=\/wp\/v2\/types\/product"}],"replies":[{"embeddable":true,"href":"https:\/\/casabravo.cl\/index.php?rest_route=%2Fwp%2Fv2%2Fcomments&post=3318"}],"wp:featuredmedia":[{"embeddable":true,"href":"https:\/\/casabravo.cl\/index.php?rest_route=\/wp\/v2\/media\/3319"}],"wp:attachment":[{"href":"https:\/\/casabravo.cl\/index.php?rest_route=%2Fwp%2Fv2%2Fmedia&parent=3318"}],"curies":[{"name":"wp","href":"https:\/\/api.w.org\/{rel}","templated":true}]}}