{"id":3271,"date":"2019-01-09T21:07:30","date_gmt":"2019-01-09T21:07:30","guid":{"rendered":"http:\/\/casabravo.cl\/?post_type=product&#038;p=3271"},"modified":"2019-01-09T21:47:24","modified_gmt":"2019-01-09T21:47:24","slug":"amarra-velcro-negra-10-unidades-12x150mm","status":"publish","type":"product","link":"https:\/\/casabravo.cl\/?product=amarra-velcro-negra-10-unidades-12x150mm","title":{"rendered":"AMARRA VELCRO NEGRA"},"content":{"rendered":"<p>AMARRA VELCRO<\/p>\n<p><strong>CARACTER\u00cdSTICAS:<\/strong><\/p>\n<p>APLICACI\u00d3N: AMARRA PARA CABLES<\/p>\n<p>TIPO: VELCRO<\/p>\n<p>CANTIDAD: 10 UNIDADES 12X150MM<\/p>\n<p>COLOR: NEGRO<\/p>\n<p>C\u00d3DIGO: 000075<\/p>\n<p>&nbsp;<\/p>\n","protected":false},"excerpt":{"rendered":"<p>AMARRA VELCRO CARACTER\u00cdSTICAS: APLICACI\u00d3N: AMARRA PARA CABLES TIPO: VELCRO CANTIDAD: 10 UNIDADES 12X150MM COLOR: NEGRO C\u00d3DIGO: 000075 &nbsp;<\/p>\n","protected":false},"featured_media":0,"comment_status":"open","ping_status":"closed","template":"","meta":[],"_links":{"self":[{"href":"https:\/\/casabravo.cl\/index.php?rest_route=\/wp\/v2\/product\/3271"}],"collection":[{"href":"https:\/\/casabravo.cl\/index.php?rest_route=\/wp\/v2\/product"}],"about":[{"href":"https:\/\/casabravo.cl\/index.php?rest_route=\/wp\/v2\/types\/product"}],"replies":[{"embeddable":true,"href":"https:\/\/casabravo.cl\/index.php?rest_route=%2Fwp%2Fv2%2Fcomments&post=3271"}],"wp:attachment":[{"href":"https:\/\/casabravo.cl\/index.php?rest_route=%2Fwp%2Fv2%2Fmedia&parent=3271"}],"curies":[{"name":"wp","href":"https:\/\/api.w.org\/{rel}","templated":true}]}}