{"id":3226,"date":"2019-01-09T12:55:31","date_gmt":"2019-01-09T12:55:31","guid":{"rendered":"http:\/\/casabravo.cl\/?post_type=product&#038;p=3226"},"modified":"2022-08-17T15:40:46","modified_gmt":"2022-08-17T15:40:46","slug":"set-balun-hdcvi-1-ch-pequeno-lumibox","status":"publish","type":"product","link":"https:\/\/casabravo.cl\/?product=set-balun-hdcvi-1-ch-pequeno-lumibox","title":{"rendered":"SET BALUN HDCVI LUMIBOX"},"content":{"rendered":"<p>SET BALUN<\/p>\n<p><strong>CARACTER\u00cdSTICAS:<\/strong><\/p>\n<p>APLICACI\u00d3N: BALUN V\u00cdDEO CCTV<\/p>\n<p>TIPO: HDCVI\/TVI\/AHD\/AN\u00c1LOGO<\/p>\n<p>CONTIENE: PAR BALUN<\/p>\n<p>C\u00d3DIGO: 000001<\/p>\n<p>&nbsp;<\/p>\n","protected":false},"excerpt":{"rendered":"<p>SET BALUN CARACTER\u00cdSTICAS: APLICACI\u00d3N: BALUN V\u00cdDEO CCTV TIPO: HDCVI\/TVI\/AHD\/AN\u00c1LOGO CONTIENE: PAR BALUN C\u00d3DIGO: 000001 &nbsp;<\/p>\n","protected":false},"featured_media":6259,"comment_status":"open","ping_status":"closed","template":"","meta":[],"_links":{"self":[{"href":"https:\/\/casabravo.cl\/index.php?rest_route=\/wp\/v2\/product\/3226"}],"collection":[{"href":"https:\/\/casabravo.cl\/index.php?rest_route=\/wp\/v2\/product"}],"about":[{"href":"https:\/\/casabravo.cl\/index.php?rest_route=\/wp\/v2\/types\/product"}],"replies":[{"embeddable":true,"href":"https:\/\/casabravo.cl\/index.php?rest_route=%2Fwp%2Fv2%2Fcomments&post=3226"}],"wp:featuredmedia":[{"embeddable":true,"href":"https:\/\/casabravo.cl\/index.php?rest_route=\/wp\/v2\/media\/6259"}],"wp:attachment":[{"href":"https:\/\/casabravo.cl\/index.php?rest_route=%2Fwp%2Fv2%2Fmedia&parent=3226"}],"curies":[{"name":"wp","href":"https:\/\/api.w.org\/{rel}","templated":true}]}}