{"id":3209,"date":"2019-01-08T20:54:38","date_gmt":"2019-01-08T20:54:38","guid":{"rendered":"http:\/\/casabravo.cl\/?post_type=product&#038;p=3209"},"modified":"2025-12-02T15:21:18","modified_gmt":"2025-12-02T15:21:18","slug":"fuente-poder-cctv-12v-3a","status":"publish","type":"product","link":"https:\/\/casabravo.cl\/?product=fuente-poder-cctv-12v-3a","title":{"rendered":"CARGADOR CCTV (FUENTE PODER) 12V 1A"},"content":{"rendered":"<p>FUENTE<\/p>\n<p><strong>CARACTER\u00cdSTICAS:<\/strong><\/p>\n<p>APLICACI\u00d3N: FUENTE C\u00c1MARA DE SEGURIDAD (CCTV)<\/p>\n<p>TIPO: FUENTE PODER<\/p>\n<p>CAPACIDAD: 12V 1A<\/p>\n<p>C\u00d3DIGO: 000498<\/p>\n","protected":false},"excerpt":{"rendered":"<p>FUENTE CARACTER\u00cdSTICAS: APLICACI\u00d3N: FUENTE C\u00c1MARA DE SEGURIDAD (CCTV) TIPO: FUENTE PODER CAPACIDAD: 12V 1A C\u00d3DIGO: 000498<\/p>\n","protected":false},"featured_media":3232,"comment_status":"open","ping_status":"closed","template":"","meta":[],"_links":{"self":[{"href":"https:\/\/casabravo.cl\/index.php?rest_route=\/wp\/v2\/product\/3209"}],"collection":[{"href":"https:\/\/casabravo.cl\/index.php?rest_route=\/wp\/v2\/product"}],"about":[{"href":"https:\/\/casabravo.cl\/index.php?rest_route=\/wp\/v2\/types\/product"}],"replies":[{"embeddable":true,"href":"https:\/\/casabravo.cl\/index.php?rest_route=%2Fwp%2Fv2%2Fcomments&post=3209"}],"wp:featuredmedia":[{"embeddable":true,"href":"https:\/\/casabravo.cl\/index.php?rest_route=\/wp\/v2\/media\/3232"}],"wp:attachment":[{"href":"https:\/\/casabravo.cl\/index.php?rest_route=%2Fwp%2Fv2%2Fmedia&parent=3209"}],"curies":[{"name":"wp","href":"https:\/\/api.w.org\/{rel}","templated":true}]}}